{"id":7457,"date":"2024-04-15T18:06:13","date_gmt":"2024-04-15T18:06:13","guid":{"rendered":"https:\/\/projedoktoru.com\/?page_id=7457"},"modified":"2024-04-15T18:42:52","modified_gmt":"2024-04-15T18:42:52","slug":"yapayzeka","status":"publish","type":"page","link":"https:\/\/projedoktoru.com\/index.php\/yapayzeka\/","title":{"rendered":"AI (Yapay Zeka) Kullan\u0131m\u0131"},"content":{"rendered":"\t\t<div data-elementor-type=\"wp-page\" data-elementor-id=\"7457\" class=\"elementor elementor-7457\">\n\t\t\t\t<div class=\"elementor-element elementor-element-4648e348 e-flex e-con-boxed e-con e-parent\" data-id=\"4648e348\" data-element_type=\"container\">\n\t\t\t\t\t<div class=\"e-con-inner\">\n\t\t<div class=\"elementor-element elementor-element-3a833043 e-con-full e-flex e-con e-child\" data-id=\"3a833043\" data-element_type=\"container\">\n\t\t\t\t<\/div>\n\t\t<div class=\"elementor-element elementor-element-70367b45 e-con-full e-flex e-con e-child\" data-id=\"70367b45\" data-element_type=\"container\">\n\t\t\t\t<div class=\"elementor-element elementor-element-6a342c58 elementor-widget elementor-widget-text-editor\" data-id=\"6a342c58\" data-element_type=\"widget\" data-widget_type=\"text-editor.default\">\n\t\t\t\t<div class=\"elementor-widget-container\">\n\t\t\t\t\t\t\t\t\t<blockquote><div dir=\"auto\">PMI\u2019\u0131n Proje Y\u00f6netiminde Yapay Zeka uygulamalar\u0131 rehberinin yazarlar\u0131ndan olan<\/div><div dir=\"auto\">Dr. Mustafa Haf\u0131zo\u011flu, yapay zekan\u0131n bu alanda uygulanabilirli\u011fini 3 ana boyutta ele al\u0131yor:<\/div><div dir=\"auto\">\u00a0<\/div><div dir=\"auto\" style=\"text-align: center;\"><strong>(I)<\/strong><\/div><div dir=\"auto\" style=\"text-align: center;\">Projelerimizde yap\u0131lan i\u015flerin karma\u015f\u0131kl\u0131k boyutuna g\u00f6re s\u0131n\u0131fland\u0131r\u0131lmas\u0131<\/div><div dir=\"auto\" style=\"text-align: center;\"><strong>(II)<\/strong><\/div><div dir=\"auto\" style=\"text-align: center;\">Projelerin belirsizlik hassasiyetinin belirlenmesi<\/div><div dir=\"auto\" style=\"text-align: center;\"><strong>(III)<\/strong><\/div><div dir=\"auto\" style=\"text-align: center;\">Kurumun yapay zekay\u0131 destekleyebilecek altyap\u0131s\u0131n\u0131n ve yeni teknolojilere uyumlulu\u011funun \u00f6l\u00e7\u00fclmesi<\/div><div dir=\"auto\">\u00a0<\/div><div dir=\"auto\">\u00a0<\/div><\/blockquote>\t\t\t\t\t\t\t\t<\/div>\n\t\t\t\t<\/div>\n\t\t\t\t<\/div>\n\t\t<div class=\"elementor-element elementor-element-1d4abda1 e-con-full e-flex e-con e-child\" data-id=\"1d4abda1\" data-element_type=\"container\">\n\t\t\t\t<\/div>\n\t\t\t\t\t<\/div>\n\t\t\t\t<\/div>\n\t\t<div class=\"elementor-element elementor-element-04edb56 e-flex e-con-boxed e-con e-parent\" data-id=\"04edb56\" data-element_type=\"container\">\n\t\t\t\t\t<div class=\"e-con-inner\">\n\t\t\t\t<div class=\"elementor-element elementor-element-4a080d1 elementor-widget elementor-widget-text-editor\" data-id=\"4a080d1\" data-element_type=\"widget\" data-widget_type=\"text-editor.default\">\n\t\t\t\t<div class=\"elementor-widget-container\">\n\t\t\t\t\t\t\t\t\t<p style=\"text-align: center;\"><span style=\"color: #ffcc00;\"><strong>Bu analizler sonras\u0131nda size bir yol haritas\u0131 \u00e7\u0131kar\u0131yoruz ve yapay zekay\u0131 en etkin kullanabilece\u011finiz yolculu\u011fa beraber \u00e7\u0131k\u0131yoruz.<\/strong><\/span><\/p>\t\t\t\t\t\t\t\t<\/div>\n\t\t\t\t<\/div>\n\t\t\t\t\t<\/div>\n\t\t\t\t<\/div>\n\t\t<div class=\"elementor-element elementor-element-1b4011a e-flex e-con-boxed e-con e-parent\" data-id=\"1b4011a\" data-element_type=\"container\">\n\t\t\t\t\t<div class=\"e-con-inner\">\n\t\t<div class=\"elementor-element elementor-element-e7cbc8c e-con-full e-flex e-con e-child\" data-id=\"e7cbc8c\" data-element_type=\"container\">\n\t\t\t\t<div class=\"elementor-element elementor-element-227e415 elementor-align-center elementor-widget elementor-widget-button\" data-id=\"227e415\" data-element_type=\"widget\" data-widget_type=\"button.default\">\n\t\t\t\t<div class=\"elementor-widget-container\">\n\t\t\t\t\t\t\t\t\t<div class=\"elementor-button-wrapper\">\n\t\t\t\t\t<a class=\"elementor-button elementor-button-link elementor-size-md\" href=\"https:\/\/projedoktoru.com\">\n\t\t\t\t\t\t<span class=\"elementor-button-content-wrapper\">\n\t\t\t\t\t\t<span class=\"elementor-button-icon\">\n\t\t\t\t<svg aria-hidden=\"true\" class=\"e-font-icon-svg e-fas-arrow-circle-left\" viewBox=\"0 0 512 512\" xmlns=\"http:\/\/www.w3.org\/2000\/svg\"><path d=\"M256 504C119 504 8 393 8 256S119 8 256 8s248 111 248 248-111 248-248 248zm28.9-143.6L209.4 288H392c13.3 0 24-10.7 24-24v-16c0-13.3-10.7-24-24-24H209.4l75.5-72.4c9.7-9.3 9.9-24.8.4-34.3l-11-10.9c-9.4-9.4-24.6-9.4-33.9 0L107.7 239c-9.4 9.4-9.4 24.6 0 33.9l132.7 132.7c9.4 9.4 24.6 9.4 33.9 0l11-10.9c9.5-9.5 9.3-25-.4-34.3z\"><\/path><\/svg>\t\t\t<\/span>\n\t\t\t\t\t\t\t\t<\/span>\n\t\t\t\t\t<\/a>\n\t\t\t\t<\/div>\n\t\t\t\t\t\t\t\t<\/div>\n\t\t\t\t<\/div>\n\t\t\t\t<\/div>\n\t\t<div class=\"elementor-element elementor-element-c552187 e-con-full e-flex e-con e-child\" data-id=\"c552187\" data-element_type=\"container\">\n\t\t\t\t<div class=\"elementor-element elementor-element-1db3a2a elementor-align-center elementor-widget elementor-widget-button\" data-id=\"1db3a2a\" data-element_type=\"widget\" data-widget_type=\"button.default\">\n\t\t\t\t<div class=\"elementor-widget-container\">\n\t\t\t\t\t\t\t\t\t<div class=\"elementor-button-wrapper\">\n\t\t\t\t\t<a class=\"elementor-button elementor-button-link elementor-size-md\" href=\"https:\/\/projedoktoru.com\/index.php\/gap\/\">\n\t\t\t\t\t\t<span class=\"elementor-button-content-wrapper\">\n\t\t\t\t\t\t<span class=\"elementor-button-icon\">\n\t\t\t\t<svg aria-hidden=\"true\" class=\"e-font-icon-svg e-fas-arrow-circle-right\" viewBox=\"0 0 512 512\" xmlns=\"http:\/\/www.w3.org\/2000\/svg\"><path d=\"M256 8c137 0 248 111 248 248S393 504 256 504 8 393 8 256 119 8 256 8zm-28.9 143.6l75.5 72.4H120c-13.3 0-24 10.7-24 24v16c0 13.3 10.7 24 24 24h182.6l-75.5 72.4c-9.7 9.3-9.9 24.8-.4 34.3l11 10.9c9.4 9.4 24.6 9.4 33.9 0L404.3 273c9.4-9.4 9.4-24.6 0-33.9L271.6 106.3c-9.4-9.4-24.6-9.4-33.9 0l-11 10.9c-9.5 9.6-9.3 25.1.4 34.4z\"><\/path><\/svg>\t\t\t<\/span>\n\t\t\t\t\t\t\t\t<\/span>\n\t\t\t\t\t<\/a>\n\t\t\t\t<\/div>\n\t\t\t\t\t\t\t\t<\/div>\n\t\t\t\t<\/div>\n\t\t\t\t<\/div>\n\t\t\t\t\t<\/div>\n\t\t\t\t<\/div>\n\t\t\t\t<\/div>\n\t\t","protected":false},"excerpt":{"rendered":"<p>PMI\u2019\u0131n Proje Y\u00f6netiminde Yapay Zeka uygulamalar\u0131 rehberinin yazarlar\u0131ndan olanDr. Mustafa Haf\u0131zo\u011flu, yapay zekan\u0131n bu alanda uygulanabilirli\u011fini 3 ana boyutta ele al\u0131yor:\u00a0(I)Projelerimizde yap\u0131lan i\u015flerin karma\u015f\u0131kl\u0131k boyutuna g\u00f6re s\u0131n\u0131fland\u0131r\u0131lmas\u0131(II)Projelerin belirsizlik hassasiyetinin belirlenmesi(III)Kurumun yapay zekay\u0131 destekleyebilecek altyap\u0131s\u0131n\u0131n ve yeni teknolojilere uyumlulu\u011funun \u00f6l\u00e7\u00fclmesi\u00a0\u00a0 Bu analizler sonras\u0131nda size bir yol haritas\u0131 \u00e7\u0131kar\u0131yoruz ve yapay zekay\u0131 en etkin kullanabilece\u011finiz yolculu\u011fa beraber &hellip; <\/p>\n<p class=\"link-more\"><a href=\"https:\/\/projedoktoru.com\/index.php\/yapayzeka\/\" class=\"more-link\"><span class=\"screen-reader-text\"> &#8220;AI (Yapay Zeka) Kullan\u0131m\u0131&#8221;<\/span>devam\u0131n\u0131 oku<\/a><\/p>\n","protected":false},"author":1,"featured_media":7476,"parent":0,"menu_order":0,"comment_status":"closed","ping_status":"closed","template":"page-templates\/full-width-builder-bb.php","meta":{"footnotes":"","inspiro_hide_title":false},"featured_media_urls":{"thumbnail":["https:\/\/projedoktoru.com\/wp-content\/uploads\/2024\/04\/AI01-150x150.jpg",150,150,true],"medium":["https:\/\/projedoktoru.com\/wp-content\/uploads\/2024\/04\/AI01-300x169.jpg",300,169,true],"medium_large":["https:\/\/projedoktoru.com\/wp-content\/uploads\/2024\/04\/AI01.jpg",768,432,false],"large":["https:\/\/projedoktoru.com\/wp-content\/uploads\/2024\/04\/AI01-1024x576.jpg",950,534,true],"1536x1536":["https:\/\/projedoktoru.com\/wp-content\/uploads\/2024\/04\/AI01-1536x864.jpg",1536,864,true],"2048x2048":["https:\/\/projedoktoru.com\/wp-content\/uploads\/2024\/04\/AI01.jpg",1920,1080,false],"inspiro-featured-image":["https:\/\/projedoktoru.com\/wp-content\/uploads\/2024\/04\/AI01.jpg",1920,1080,false],"inspiro-loop":["https:\/\/projedoktoru.com\/wp-content\/uploads\/2024\/04\/AI01-950x320.jpg",950,320,true],"inspiro-loop@2x":["https:\/\/projedoktoru.com\/wp-content\/uploads\/2024\/04\/AI01-1900x640.jpg",1900,640,true],"portfolio_item-thumbnail":["https:\/\/projedoktoru.com\/wp-content\/uploads\/2024\/04\/AI01-600x400.jpg",600,400,true],"portfolio_item-thumbnail@2x":["https:\/\/projedoktoru.com\/wp-content\/uploads\/2024\/04\/AI01-1200x800.jpg",1200,800,true],"portfolio_item-masonry":["https:\/\/projedoktoru.com\/wp-content\/uploads\/2024\/04\/AI01-600x338.jpg",600,338,true],"portfolio_item-masonry@2x":["https:\/\/projedoktoru.com\/wp-content\/uploads\/2024\/04\/AI01-1200x675.jpg",1200,675,true],"portfolio_item-thumbnail_cinema":["https:\/\/projedoktoru.com\/wp-content\/uploads\/2024\/04\/AI01-800x335.jpg",800,335,true],"portfolio_item-thumbnail_portrait":["https:\/\/projedoktoru.com\/wp-content\/uploads\/2024\/04\/AI01-600x900.jpg",600,900,true],"portfolio_item-thumbnail_portrait@2x":["https:\/\/projedoktoru.com\/wp-content\/uploads\/2024\/04\/AI01-1200x1080.jpg",1200,1080,true],"portfolio_item-thumbnail_square":["https:\/\/projedoktoru.com\/wp-content\/uploads\/2024\/04\/AI01-800x800.jpg",800,800,true]},"_links":{"self":[{"href":"https:\/\/projedoktoru.com\/index.php\/wp-json\/wp\/v2\/pages\/7457"}],"collection":[{"href":"https:\/\/projedoktoru.com\/index.php\/wp-json\/wp\/v2\/pages"}],"about":[{"href":"https:\/\/projedoktoru.com\/index.php\/wp-json\/wp\/v2\/types\/page"}],"author":[{"embeddable":true,"href":"https:\/\/projedoktoru.com\/index.php\/wp-json\/wp\/v2\/users\/1"}],"replies":[{"embeddable":true,"href":"https:\/\/projedoktoru.com\/index.php\/wp-json\/wp\/v2\/comments?post=7457"}],"version-history":[{"count":11,"href":"https:\/\/projedoktoru.com\/index.php\/wp-json\/wp\/v2\/pages\/7457\/revisions"}],"predecessor-version":[{"id":7481,"href":"https:\/\/projedoktoru.com\/index.php\/wp-json\/wp\/v2\/pages\/7457\/revisions\/7481"}],"wp:featuredmedia":[{"embeddable":true,"href":"https:\/\/projedoktoru.com\/index.php\/wp-json\/wp\/v2\/media\/7476"}],"wp:attachment":[{"href":"https:\/\/projedoktoru.com\/index.php\/wp-json\/wp\/v2\/media?parent=7457"}],"curies":[{"name":"wp","href":"https:\/\/api.w.org\/{rel}","templated":true}]}}