{"id":7059,"date":"2023-11-13T11:10:48","date_gmt":"2023-11-13T11:10:48","guid":{"rendered":"https:\/\/projedoktoru.com\/?page_id=7059"},"modified":"2024-01-02T07:34:19","modified_gmt":"2024-01-02T07:34:19","slug":"yayinlar","status":"publish","type":"page","link":"https:\/\/projedoktoru.com\/index.php\/yayinlar\/","title":{"rendered":"YAYINLAR"},"content":{"rendered":"\t\t<div data-elementor-type=\"wp-page\" data-elementor-id=\"7059\" class=\"elementor elementor-7059\">\n\t\t\t\t<div class=\"elementor-element elementor-element-7f322ef e-con-full e-flex e-con e-parent\" data-id=\"7f322ef\" data-element_type=\"container\">\n\t\t<div class=\"elementor-element elementor-element-b3e10b3 e-con-full e-flex e-con e-child\" data-id=\"b3e10b3\" data-element_type=\"container\">\n\t\t\t\t<div class=\"elementor-element elementor-element-d891829 elementor-widget elementor-widget-heading\" data-id=\"d891829\" data-element_type=\"widget\" data-widget_type=\"heading.default\">\n\t\t\t\t<div class=\"elementor-widget-container\">\n\t\t\t\t\t<h2 class=\"elementor-heading-title elementor-size-default\">Proje Y\u00f6netimi Analitik Yakla\u015f\u0131mlar<\/h2>\t\t\t\t<\/div>\n\t\t\t\t<\/div>\n\t\t\t\t<\/div>\n\t\t<div class=\"elementor-element elementor-element-c274521 e-con-full e-flex e-con e-child\" data-id=\"c274521\" data-element_type=\"container\">\n\t\t\t\t<div class=\"elementor-element elementor-element-b73d2fa elementor-widget elementor-widget-heading\" data-id=\"b73d2fa\" data-element_type=\"widget\" data-widget_type=\"heading.default\">\n\t\t\t\t<div class=\"elementor-widget-container\">\n\t\t\t\t\t<h2 class=\"elementor-heading-title elementor-size-default\">Proje Y\u00f6netimi Disiplinleraras\u0131 Bir Bak\u0131\u015f<\/h2>\t\t\t\t<\/div>\n\t\t\t\t<\/div>\n\t\t\t\t<\/div>\n\t\t\t\t<\/div>\n\t\t<div class=\"elementor-element elementor-element-12012d5 e-con-full e-flex e-con e-parent\" data-id=\"12012d5\" data-element_type=\"container\">\n\t\t<div class=\"elementor-element elementor-element-66854da e-con-full e-flex e-con e-child\" data-id=\"66854da\" data-element_type=\"container\">\n\t\t\t\t<div class=\"elementor-element elementor-element-ad5532d elementor-widget elementor-widget-image\" data-id=\"ad5532d\" data-element_type=\"widget\" data-widget_type=\"image.default\">\n\t\t\t\t<div class=\"elementor-widget-container\">\n\t\t\t\t\t\t\t\t\t\t\t\t\t\t\t\t<a href=\"https:\/\/www.pandora.com.tr\/kitap\/proje-yonetimi-analitik-yaklasimlar\/376807\" target=\"_blank\">\n\t\t\t\t\t\t\t<img fetchpriority=\"high\" decoding=\"async\" width=\"950\" height=\"634\" src=\"https:\/\/projedoktoru.com\/wp-content\/uploads\/2023\/11\/kitap01-1024x683.jpg\" class=\"attachment-large size-large wp-image-7076\" alt=\"\" srcset=\"https:\/\/projedoktoru.com\/wp-content\/uploads\/2023\/11\/kitap01-1024x683.jpg 1024w, https:\/\/projedoktoru.com\/wp-content\/uploads\/2023\/11\/kitap01-300x200.jpg 300w, https:\/\/projedoktoru.com\/wp-content\/uploads\/2023\/11\/kitap01-768x512.jpg 768w, https:\/\/projedoktoru.com\/wp-content\/uploads\/2023\/11\/kitap01-1536x1025.jpg 1536w, https:\/\/projedoktoru.com\/wp-content\/uploads\/2023\/11\/kitap01-2048x1366.jpg 2048w, https:\/\/projedoktoru.com\/wp-content\/uploads\/2023\/11\/kitap01-2000x1334.jpg 2000w, https:\/\/projedoktoru.com\/wp-content\/uploads\/2023\/11\/kitap01-600x400.jpg 600w, https:\/\/projedoktoru.com\/wp-content\/uploads\/2023\/11\/kitap01-1200x800.jpg 1200w\" sizes=\"100vw\" \/>\t\t\t\t\t\t\t\t<\/a>\n\t\t\t\t\t\t\t\t\t\t\t\t\t\t\t<\/div>\n\t\t\t\t<\/div>\n\t\t\t\t<\/div>\n\t\t<div class=\"elementor-element elementor-element-80789de e-con-full e-flex e-con e-child\" data-id=\"80789de\" data-element_type=\"container\">\n\t\t\t\t<div class=\"elementor-element elementor-element-1ecff6b elementor-widget elementor-widget-image\" data-id=\"1ecff6b\" data-element_type=\"widget\" data-widget_type=\"image.default\">\n\t\t\t\t<div class=\"elementor-widget-container\">\n\t\t\t\t\t\t\t\t\t\t\t\t\t\t\t\t<a href=\"https:\/\/www.bkmkitap.com\/proje-yonetimi-disiplinlerarasi-bir-bakis\" target=\"_blank\">\n\t\t\t\t\t\t\t<img decoding=\"async\" width=\"950\" height=\"634\" src=\"https:\/\/projedoktoru.com\/wp-content\/uploads\/2023\/11\/kitap02-1024x683.jpg\" class=\"attachment-large size-large wp-image-7078\" alt=\"\" srcset=\"https:\/\/projedoktoru.com\/wp-content\/uploads\/2023\/11\/kitap02-1024x683.jpg 1024w, https:\/\/projedoktoru.com\/wp-content\/uploads\/2023\/11\/kitap02-300x200.jpg 300w, https:\/\/projedoktoru.com\/wp-content\/uploads\/2023\/11\/kitap02-768x512.jpg 768w, https:\/\/projedoktoru.com\/wp-content\/uploads\/2023\/11\/kitap02-1536x1025.jpg 1536w, https:\/\/projedoktoru.com\/wp-content\/uploads\/2023\/11\/kitap02-2048x1366.jpg 2048w, https:\/\/projedoktoru.com\/wp-content\/uploads\/2023\/11\/kitap02-2000x1334.jpg 2000w, https:\/\/projedoktoru.com\/wp-content\/uploads\/2023\/11\/kitap02-600x400.jpg 600w, https:\/\/projedoktoru.com\/wp-content\/uploads\/2023\/11\/kitap02-1200x800.jpg 1200w\" sizes=\"100vw\" \/>\t\t\t\t\t\t\t\t<\/a>\n\t\t\t\t\t\t\t\t\t\t\t\t\t\t\t<\/div>\n\t\t\t\t<\/div>\n\t\t\t\t<\/div>\n\t\t\t\t<\/div>\n\t\t\t\t<\/div>\n\t\t","protected":false},"excerpt":{"rendered":"<p>Proje Y\u00f6netimi Analitik Yakla\u015f\u0131mlar Proje Y\u00f6netimi Disiplinleraras\u0131 Bir Bak\u0131\u015f<\/p>\n","protected":false},"author":1,"featured_media":7082,"parent":0,"menu_order":0,"comment_status":"closed","ping_status":"closed","template":"page-templates\/full-width-builder-bb.php","meta":{"footnotes":"","inspiro_hide_title":false},"featured_media_urls":{"thumbnail":["https:\/\/projedoktoru.com\/wp-content\/uploads\/2023\/11\/yayin-150x150.jpg",150,150,true],"medium":["https:\/\/projedoktoru.com\/wp-content\/uploads\/2023\/11\/yayin-300x169.jpg",300,169,true],"medium_large":["https:\/\/projedoktoru.com\/wp-content\/uploads\/2023\/11\/yayin-768x432.jpg",768,432,true],"large":["https:\/\/projedoktoru.com\/wp-content\/uploads\/2023\/11\/yayin-1024x576.jpg",950,534,true],"1536x1536":["https:\/\/projedoktoru.com\/wp-content\/uploads\/2023\/11\/yayin-1536x864.jpg",1536,864,true],"2048x2048":["https:\/\/projedoktoru.com\/wp-content\/uploads\/2023\/11\/yayin.jpg",1920,1080,false],"inspiro-featured-image":["https:\/\/projedoktoru.com\/wp-content\/uploads\/2023\/11\/yayin.jpg",1920,1080,false],"inspiro-loop":["https:\/\/projedoktoru.com\/wp-content\/uploads\/2023\/11\/yayin-950x320.jpg",950,320,true],"inspiro-loop@2x":["https:\/\/projedoktoru.com\/wp-content\/uploads\/2023\/11\/yayin-1900x640.jpg",1900,640,true],"portfolio_item-thumbnail":["https:\/\/projedoktoru.com\/wp-content\/uploads\/2023\/11\/yayin-600x400.jpg",600,400,true],"portfolio_item-thumbnail@2x":["https:\/\/projedoktoru.com\/wp-content\/uploads\/2023\/11\/yayin-1200x800.jpg",1200,800,true],"portfolio_item-masonry":["https:\/\/projedoktoru.com\/wp-content\/uploads\/2023\/11\/yayin-600x338.jpg",600,338,true],"portfolio_item-masonry@2x":["https:\/\/projedoktoru.com\/wp-content\/uploads\/2023\/11\/yayin-1200x675.jpg",1200,675,true],"portfolio_item-thumbnail_cinema":["https:\/\/projedoktoru.com\/wp-content\/uploads\/2023\/11\/yayin-800x335.jpg",800,335,true],"portfolio_item-thumbnail_portrait":["https:\/\/projedoktoru.com\/wp-content\/uploads\/2023\/11\/yayin-600x900.jpg",600,900,true],"portfolio_item-thumbnail_portrait@2x":["https:\/\/projedoktoru.com\/wp-content\/uploads\/2023\/11\/yayin-1200x1080.jpg",1200,1080,true],"portfolio_item-thumbnail_square":["https:\/\/projedoktoru.com\/wp-content\/uploads\/2023\/11\/yayin-800x800.jpg",800,800,true]},"_links":{"self":[{"href":"https:\/\/projedoktoru.com\/index.php\/wp-json\/wp\/v2\/pages\/7059"}],"collection":[{"href":"https:\/\/projedoktoru.com\/index.php\/wp-json\/wp\/v2\/pages"}],"about":[{"href":"https:\/\/projedoktoru.com\/index.php\/wp-json\/wp\/v2\/types\/page"}],"author":[{"embeddable":true,"href":"https:\/\/projedoktoru.com\/index.php\/wp-json\/wp\/v2\/users\/1"}],"replies":[{"embeddable":true,"href":"https:\/\/projedoktoru.com\/index.php\/wp-json\/wp\/v2\/comments?post=7059"}],"version-history":[{"count":18,"href":"https:\/\/projedoktoru.com\/index.php\/wp-json\/wp\/v2\/pages\/7059\/revisions"}],"predecessor-version":[{"id":7404,"href":"https:\/\/projedoktoru.com\/index.php\/wp-json\/wp\/v2\/pages\/7059\/revisions\/7404"}],"wp:featuredmedia":[{"embeddable":true,"href":"https:\/\/projedoktoru.com\/index.php\/wp-json\/wp\/v2\/media\/7082"}],"wp:attachment":[{"href":"https:\/\/projedoktoru.com\/index.php\/wp-json\/wp\/v2\/media?parent=7059"}],"curies":[{"name":"wp","href":"https:\/\/api.w.org\/{rel}","templated":true}]}}