{"id":6870,"date":"2023-11-12T09:33:52","date_gmt":"2023-11-12T09:33:52","guid":{"rendered":"https:\/\/projedoktoru.com\/?page_id=6870"},"modified":"2024-04-15T18:28:27","modified_gmt":"2024-04-15T18:28:27","slug":"gap","status":"publish","type":"page","link":"https:\/\/projedoktoru.com\/index.php\/gap\/","title":{"rendered":"GAP ANAL\u0130Z\u0130"},"content":{"rendered":"\t\t<div data-elementor-type=\"wp-page\" data-elementor-id=\"6870\" class=\"elementor elementor-6870\">\n\t\t\t\t<div class=\"elementor-element elementor-element-4648e348 e-flex e-con-boxed e-con e-parent\" data-id=\"4648e348\" data-element_type=\"container\">\n\t\t\t\t\t<div class=\"e-con-inner\">\n\t\t<div class=\"elementor-element elementor-element-3a833043 e-con-full e-flex e-con e-child\" data-id=\"3a833043\" data-element_type=\"container\">\n\t\t\t\t<\/div>\n\t\t<div class=\"elementor-element elementor-element-70367b45 e-con-full e-flex e-con e-child\" data-id=\"70367b45\" data-element_type=\"container\">\n\t\t\t\t<div class=\"elementor-element elementor-element-6a342c58 elementor-widget elementor-widget-text-editor\" data-id=\"6a342c58\" data-element_type=\"widget\" data-widget_type=\"text-editor.default\">\n\t\t\t\t<div class=\"elementor-widget-container\">\n\t\t\t\t\t\t\t\t\t<blockquote>\n<p style=\"text-align:justify; \"><em>Kurumlar\u0131n proje y\u00f6netimi s\u00fcre\u00e7lerinde gap analiz, mevcut durum ile hedeflenen performans veya standartlar aras\u0131ndaki farklar\u0131 belirlemek ve bu farklar\u0131 gidermek i\u00e7in ger\u00e7ekle\u015ftirilmektedir. Bu analiz i\u00e7in temel al\u0131nan iki parameter PMI (Project Management Institute) Standartlar\u0131 ve sekt\u00f6re \u00f6zel en iyi uygulamalard\u0131r.<\/em>\n<em>Gap analizi ile mevcut proje y\u00f6netimi s\u00fcre\u00e7lerinin ve uygulamalar\u0131n\u0131n geli\u015ftirmeye a\u00e7\u0131k alanlar\u0131n\u0131 tespit etmeyi ama\u00e7l\u0131yoruz ve bu kapsamda a\u015fa\u011f\u0131daki a\u015famalarla ilerliyoruz.<\/em><\/p>\n<\/blockquote>\t\t\t\t\t\t\t\t<\/div>\n\t\t\t\t<\/div>\n\t\t\t\t<\/div>\n\t\t<div class=\"elementor-element elementor-element-1d4abda1 e-con-full e-flex e-con e-child\" data-id=\"1d4abda1\" data-element_type=\"container\">\n\t\t\t\t<\/div>\n\t\t\t\t\t<\/div>\n\t\t\t\t<\/div>\n\t\t<div class=\"elementor-element elementor-element-5e39709 e-flex e-con-boxed e-con e-parent\" data-id=\"5e39709\" data-element_type=\"container\" data-settings=\"{&quot;background_background&quot;:&quot;classic&quot;}\">\n\t\t\t\t\t<div class=\"e-con-inner\">\n\t\t<div class=\"elementor-element elementor-element-f162c51 e-con-full e-flex e-con e-child\" data-id=\"f162c51\" data-element_type=\"container\" data-settings=\"{&quot;background_background&quot;:&quot;classic&quot;}\">\n\t\t\t\t<div class=\"elementor-element elementor-element-307fa65 elementor-widget elementor-widget-wpzoom-elementor-addons-image-box\" data-id=\"307fa65\" data-element_type=\"widget\" data-widget_type=\"wpzoom-elementor-addons-image-box.default\">\n\t\t\t\t<div class=\"elementor-widget-container\">\n\t\t\t\t\t\t\t<div class=\"wpzoom-elementor-addons-image-box\">\n\t\t\t<h3>\n\t\t\t\t<span class=\"wpzoom-elementor-addons-image-box-link not-linked has-image\" style=\"background-image:url('https:\/\/projedoktoru.com\/wp-content\/uploads\/2023\/11\/paydas_belirleme-1.jpg');\"><span>Payda\u015flar\u0131 Belirleme<\/span><\/span>\t\t\t<\/h3>\n\t\t<\/div><!-- \/\/.wpzoom-elementor-addons-image-box -->\n\t\t\t\t\t\t<\/div>\n\t\t\t\t<\/div>\n\t\t\t\t<\/div>\n\t\t<div class=\"elementor-element elementor-element-1693657 e-con-full e-flex e-con e-child\" data-id=\"1693657\" data-element_type=\"container\" data-settings=\"{&quot;background_background&quot;:&quot;classic&quot;}\">\n\t\t\t\t<div class=\"elementor-element elementor-element-bb9325d elementor-widget elementor-widget-wpzoom-elementor-addons-image-box\" data-id=\"bb9325d\" data-element_type=\"widget\" data-widget_type=\"wpzoom-elementor-addons-image-box.default\">\n\t\t\t\t<div class=\"elementor-widget-container\">\n\t\t\t\t\t\t\t<div class=\"wpzoom-elementor-addons-image-box\">\n\t\t\t<h3>\n\t\t\t\t<span class=\"wpzoom-elementor-addons-image-box-link not-linked has-image\" style=\"background-image:url('https:\/\/projedoktoru.com\/wp-content\/uploads\/2023\/11\/hedefleri_belirleme-1.jpg');\"><span>Hedefleri Belirleme<\/span><\/span>\t\t\t<\/h3>\n\t\t<\/div><!-- \/\/.wpzoom-elementor-addons-image-box -->\n\t\t\t\t\t\t<\/div>\n\t\t\t\t<\/div>\n\t\t\t\t<\/div>\n\t\t<div class=\"elementor-element elementor-element-03ad4dc e-con-full e-flex e-con e-child\" data-id=\"03ad4dc\" data-element_type=\"container\" data-settings=\"{&quot;background_background&quot;:&quot;classic&quot;}\">\n\t\t\t\t<div class=\"elementor-element elementor-element-799f017 elementor-widget elementor-widget-wpzoom-elementor-addons-image-box\" data-id=\"799f017\" data-element_type=\"widget\" data-widget_type=\"wpzoom-elementor-addons-image-box.default\">\n\t\t\t\t<div class=\"elementor-widget-container\">\n\t\t\t\t\t\t\t<div class=\"wpzoom-elementor-addons-image-box\">\n\t\t\t<h3>\n\t\t\t\t<span class=\"wpzoom-elementor-addons-image-box-link not-linked has-image\" style=\"background-image:url('https:\/\/projedoktoru.com\/wp-content\/uploads\/2023\/11\/mevcut_durumun_belirlenmesi-1.jpg');\"><span>Mevcut Durumun Belirleme<\/span><\/span>\t\t\t<\/h3>\n\t\t<\/div><!-- \/\/.wpzoom-elementor-addons-image-box -->\n\t\t\t\t\t\t<\/div>\n\t\t\t\t<\/div>\n\t\t\t\t<\/div>\n\t\t<div class=\"elementor-element elementor-element-dbeadb9 e-con-full e-flex e-con e-child\" data-id=\"dbeadb9\" data-element_type=\"container\" data-settings=\"{&quot;background_background&quot;:&quot;classic&quot;}\">\n\t\t\t\t<div class=\"elementor-element elementor-element-09a2f8a elementor-widget elementor-widget-text-editor\" data-id=\"09a2f8a\" data-element_type=\"widget\" data-settings=\"{&quot;_animation&quot;:&quot;none&quot;}\" data-widget_type=\"text-editor.default\">\n\t\t\t\t<div class=\"elementor-widget-container\">\n\t\t\t\t\t\t\t\t\t<p style=\"text-align: center;\"><span style=\"color: #ffffff;\">\u0130lk ad\u0131m olarak proje s\u00fcre\u00e7lerinden etkilenen ya da proje s\u00fcre\u00e7lerini etkileyen kritik payda\u015flar\u0131 belirliyoruz. Bu payda\u015flar\u0131n ihtiya\u00e7lar\u0131, mevcut durumla ilgili geri bildirimlerini ve gelece\u011fe y\u00f6nelik beklentilerini y\u00fczy\u00fcze g\u00f6r\u00fc\u015fmelerle tespit ediyoruz.<\/span><\/p>\t\t\t\t\t\t\t\t<\/div>\n\t\t\t\t<\/div>\n\t\t\t\t<\/div>\n\t\t<div class=\"elementor-element elementor-element-7b0cce9 e-con-full e-flex e-con e-child\" data-id=\"7b0cce9\" data-element_type=\"container\" data-settings=\"{&quot;background_background&quot;:&quot;classic&quot;}\">\n\t\t\t\t<div class=\"elementor-element elementor-element-e702dc5 elementor-widget elementor-widget-text-editor\" data-id=\"e702dc5\" data-element_type=\"widget\" data-widget_type=\"text-editor.default\">\n\t\t\t\t<div class=\"elementor-widget-container\">\n\t\t\t\t\t\t\t\t\t<p style=\"text-align: center;\"><span style=\"color: #ffffff;\">\u0130kinci ad\u0131m olarak, projenin veya s\u00fcrecin hangi hedeflere ula\u015fmas\u0131 gerekti\u011fini net bir \u015fekilde belirlememiz<\/span><br \/><span style=\"color: #ffffff;\">gerekir. Bu hedefler, kurumun genel stratejik ama\u00e7lar\u0131na ve projenin \u00f6zel ama\u00e7lar\u0131na dayanmal\u0131d\u0131r.<\/span><\/p>\t\t\t\t\t\t\t\t<\/div>\n\t\t\t\t<\/div>\n\t\t\t\t<\/div>\n\t\t<div class=\"elementor-element elementor-element-0d7cea4 e-con-full e-flex e-con e-child\" data-id=\"0d7cea4\" data-element_type=\"container\" data-settings=\"{&quot;background_background&quot;:&quot;classic&quot;}\">\n\t\t\t\t<div class=\"elementor-element elementor-element-e358443 elementor-widget elementor-widget-text-editor\" data-id=\"e358443\" data-element_type=\"widget\" data-widget_type=\"text-editor.default\">\n\t\t\t\t<div class=\"elementor-widget-container\">\n\t\t\t\t\t\t\t\t\t<p style=\"text-align: center;\"><span style=\"color: #ffffff;\">Mevcut proje y\u00f6netimi s\u00fcre\u00e7lerinizi ve uygulamalar\u0131n\u0131z\u0131 inceliyoruz. Bu s\u00fcre\u00e7lerin nas\u0131l y\u00fcr\u00fct\u00fcld\u00fc\u011f\u00fcn\u00fc, kaynaklar\u0131<\/span><br \/><span style=\"color: #ffffff;\">nas\u0131l kullan\u0131ld\u0131\u011f\u0131n\u0131, performans metriklerini ve sonu\u00e7lar\u0131n\u0131 g\u00f6zden ge\u00e7iriyoruz.<\/span><\/p>\t\t\t\t\t\t\t\t<\/div>\n\t\t\t\t<\/div>\n\t\t\t\t<\/div>\n\t\t\t\t\t<\/div>\n\t\t\t\t<\/div>\n\t\t<div class=\"elementor-element elementor-element-97581d0 e-flex e-con-boxed e-con e-parent\" data-id=\"97581d0\" data-element_type=\"container\" data-settings=\"{&quot;background_background&quot;:&quot;classic&quot;}\">\n\t\t\t\t\t<div class=\"e-con-inner\">\n\t\t<div class=\"elementor-element elementor-element-edd48a7 e-con-full e-flex e-con e-child\" data-id=\"edd48a7\" data-element_type=\"container\" data-settings=\"{&quot;background_background&quot;:&quot;classic&quot;}\">\n\t\t\t\t<div class=\"elementor-element elementor-element-8acfbbe elementor-widget elementor-widget-wpzoom-elementor-addons-image-box\" data-id=\"8acfbbe\" data-element_type=\"widget\" data-widget_type=\"wpzoom-elementor-addons-image-box.default\">\n\t\t\t\t<div class=\"elementor-widget-container\">\n\t\t\t\t\t\t\t<div class=\"wpzoom-elementor-addons-image-box\">\n\t\t\t<h3>\n\t\t\t\t<span class=\"wpzoom-elementor-addons-image-box-link not-linked has-image\" style=\"background-image:url('https:\/\/projedoktoru.com\/wp-content\/uploads\/2023\/11\/farklari_analiz_etme-1.jpg');\"><span>Farklar\u0131 Analiz Etme<\/span><\/span>\t\t\t<\/h3>\n\t\t<\/div><!-- \/\/.wpzoom-elementor-addons-image-box -->\n\t\t\t\t\t\t<\/div>\n\t\t\t\t<\/div>\n\t\t\t\t<\/div>\n\t\t<div class=\"elementor-element elementor-element-b0c043a e-con-full e-flex e-con e-child\" data-id=\"b0c043a\" data-element_type=\"container\" data-settings=\"{&quot;background_background&quot;:&quot;classic&quot;}\">\n\t\t\t\t<div class=\"elementor-element elementor-element-155d245 elementor-widget elementor-widget-wpzoom-elementor-addons-image-box\" data-id=\"155d245\" data-element_type=\"widget\" data-widget_type=\"wpzoom-elementor-addons-image-box.default\">\n\t\t\t\t<div class=\"elementor-widget-container\">\n\t\t\t\t\t\t\t<div class=\"wpzoom-elementor-addons-image-box\">\n\t\t\t<h3>\n\t\t\t\t<span class=\"wpzoom-elementor-addons-image-box-link not-linked has-image\" style=\"background-image:url('https:\/\/projedoktoru.com\/wp-content\/uploads\/2023\/11\/kaynakveyetenek.jpg');\"><span>Kaynak ve Yetenek Analizi<\/span><\/span>\t\t\t<\/h3>\n\t\t<\/div><!-- \/\/.wpzoom-elementor-addons-image-box -->\n\t\t\t\t\t\t<\/div>\n\t\t\t\t<\/div>\n\t\t\t\t<\/div>\n\t\t<div class=\"elementor-element elementor-element-72db9fa e-con-full e-flex e-con e-child\" data-id=\"72db9fa\" data-element_type=\"container\" data-settings=\"{&quot;background_background&quot;:&quot;classic&quot;}\">\n\t\t\t\t<div class=\"elementor-element elementor-element-a6c59b8 elementor-widget elementor-widget-wpzoom-elementor-addons-image-box\" data-id=\"a6c59b8\" data-element_type=\"widget\" data-widget_type=\"wpzoom-elementor-addons-image-box.default\">\n\t\t\t\t<div class=\"elementor-widget-container\">\n\t\t\t\t\t\t\t<div class=\"wpzoom-elementor-addons-image-box\">\n\t\t\t<h3>\n\t\t\t\t<span class=\"wpzoom-elementor-addons-image-box-link not-linked has-image\" style=\"background-image:url('https:\/\/projedoktoru.com\/wp-content\/uploads\/2023\/11\/calismaalanalar.jpg');\"><span>Geli\u015fme Alanlar\u0131n\u0131 \u00d6ncelendirme<\/span><\/span>\t\t\t<\/h3>\n\t\t<\/div><!-- \/\/.wpzoom-elementor-addons-image-box -->\n\t\t\t\t\t\t<\/div>\n\t\t\t\t<\/div>\n\t\t\t\t<\/div>\n\t\t<div class=\"elementor-element elementor-element-a45566e e-con-full e-flex e-con e-child\" data-id=\"a45566e\" data-element_type=\"container\" data-settings=\"{&quot;background_background&quot;:&quot;classic&quot;}\">\n\t\t\t\t<div class=\"elementor-element elementor-element-a1ea4b4 elementor-widget elementor-widget-text-editor\" data-id=\"a1ea4b4\" data-element_type=\"widget\" data-widget_type=\"text-editor.default\">\n\t\t\t\t<div class=\"elementor-widget-container\">\n\t\t\t\t\t\t\t\t\t<p style=\"text-align: center;\"><span style=\"color: #ffffff;\">Mevcut durum ile hedeflenen durum aras\u0131ndaki farklar\u0131 belirleyip s\u00fcre\u00e7lerin, kaynaklar\u0131n, becerilerin,<\/span><br \/><span style=\"color: #ffffff;\">teknolojinin ve y\u00f6netim uygulamalar\u0131n\u0131n hangi y\u00f6nlerde geli\u015fime a\u00e7\u0131k oldu\u011funu belirliyoruz.<\/span><\/p>\t\t\t\t\t\t\t\t<\/div>\n\t\t\t\t<\/div>\n\t\t\t\t<\/div>\n\t\t<div class=\"elementor-element elementor-element-ff154df e-con-full e-flex e-con e-child\" data-id=\"ff154df\" data-element_type=\"container\" data-settings=\"{&quot;background_background&quot;:&quot;classic&quot;}\">\n\t\t\t\t<div class=\"elementor-element elementor-element-f6f8295 elementor-widget elementor-widget-text-editor\" data-id=\"f6f8295\" data-element_type=\"widget\" data-widget_type=\"text-editor.default\">\n\t\t\t\t<div class=\"elementor-widget-container\">\n\t\t\t\t\t\t\t\t\t<p style=\"text-align: center;\"><span style=\"color: #ffffff;\">Gap analizi yaparken, gerekli kaynaklar\u0131 ve yetenekleri belirlemek de \u00f6nemli bir a\u015famad\u0131r. Bu, insan kaynaklar\u0131,<\/span><br \/><span style=\"color: #ffffff;\">finansman, teknoloji ve e\u011fitim gibi fakt\u00f6rleri i\u00e7erebilir.<\/span><\/p>\t\t\t\t\t\t\t\t<\/div>\n\t\t\t\t<\/div>\n\t\t\t\t<\/div>\n\t\t<div class=\"elementor-element elementor-element-6023341 e-con-full e-flex e-con e-child\" data-id=\"6023341\" data-element_type=\"container\" data-settings=\"{&quot;background_background&quot;:&quot;classic&quot;}\">\n\t\t\t\t<div class=\"elementor-element elementor-element-cbda1a4 elementor-widget elementor-widget-text-editor\" data-id=\"cbda1a4\" data-element_type=\"widget\" data-widget_type=\"text-editor.default\">\n\t\t\t\t<div class=\"elementor-widget-container\">\n\t\t\t\t\t\t\t\t\t<p style=\"text-align: center;\"><span style=\"color: #ffffff;\">Belirledi\u011finiz geli\u015fme alanlar\u0131n\u0131 \u00f6nceliklendiriyoruz. Hangi geli\u015fme alanlar\u0131n\u0131n daha acil ve kritik oldu\u011funu<\/span><br \/><span style=\"color: #ffffff;\">belirlemek, kaynaklar\u0131n\u0131z\u0131 en etkili \u015fekilde kullanman\u0131za yard\u0131mc\u0131 olur.<\/span><\/p>\t\t\t\t\t\t\t\t<\/div>\n\t\t\t\t<\/div>\n\t\t\t\t<\/div>\n\t\t\t\t\t<\/div>\n\t\t\t\t<\/div>\n\t\t<div class=\"elementor-element elementor-element-a8c62de e-flex e-con-boxed e-con e-parent\" data-id=\"a8c62de\" data-element_type=\"container\" data-settings=\"{&quot;background_background&quot;:&quot;classic&quot;}\">\n\t\t\t\t\t<div class=\"e-con-inner\">\n\t\t<div class=\"elementor-element elementor-element-14387dd e-con-full e-flex e-con e-child\" data-id=\"14387dd\" data-element_type=\"container\" data-settings=\"{&quot;background_background&quot;:&quot;classic&quot;}\">\n\t\t\t\t<div class=\"elementor-element elementor-element-80e41c7 elementor-widget elementor-widget-wpzoom-elementor-addons-image-box\" data-id=\"80e41c7\" data-element_type=\"widget\" data-widget_type=\"wpzoom-elementor-addons-image-box.default\">\n\t\t\t\t<div class=\"elementor-widget-container\">\n\t\t\t\t\t\t\t<div class=\"wpzoom-elementor-addons-image-box\">\n\t\t\t<h3>\n\t\t\t\t<span class=\"wpzoom-elementor-addons-image-box-link not-linked has-image\" style=\"background-image:url('https:\/\/projedoktoru.com\/wp-content\/uploads\/2023\/11\/aksiyonplani.jpg');\"><span>Eylem Plan\u0131 Olu\u015fturma<\/span><\/span>\t\t\t<\/h3>\n\t\t<\/div><!-- \/\/.wpzoom-elementor-addons-image-box -->\n\t\t\t\t\t\t<\/div>\n\t\t\t\t<\/div>\n\t\t<div class=\"elementor-element elementor-element-db5d39c e-con-full e-flex e-con e-child\" data-id=\"db5d39c\" data-element_type=\"container\">\n\t\t\t\t<div class=\"elementor-element elementor-element-c7c63de elementor-widget elementor-widget-text-editor\" data-id=\"c7c63de\" data-element_type=\"widget\" data-widget_type=\"text-editor.default\">\n\t\t\t\t<div class=\"elementor-widget-container\">\n\t\t\t\t\t\t\t\t\t<p style=\"text-align: center;\"><span style=\"color: #ffffff;\">Gap analizinin sonucunda elde edilen bulgulara dayanarak, eksiklikleri gidermek i\u00e7in bir eylem plan\u0131 olu\u015fturuyoruz. Bu plan, kaynaklar\u0131n tahsisi, s\u00fcre\u00e7 iyile\u015ftirmeleri, e\u011fitim programlar\u0131 ve di\u011fer giri\u015fimleri i\u00e7ermektedir.<\/span><\/p>\t\t\t\t\t\t\t\t<\/div>\n\t\t\t\t<\/div>\n\t\t\t\t<\/div>\n\t\t\t\t<\/div>\n\t\t\t\t\t<\/div>\n\t\t\t\t<\/div>\n\t\t<div class=\"elementor-element elementor-element-04edb56 e-flex e-con-boxed e-con e-parent\" data-id=\"04edb56\" data-element_type=\"container\">\n\t\t\t\t\t<div class=\"e-con-inner\">\n\t\t\t\t<div class=\"elementor-element elementor-element-4a080d1 elementor-widget elementor-widget-text-editor\" data-id=\"4a080d1\" data-element_type=\"widget\" data-widget_type=\"text-editor.default\">\n\t\t\t\t<div class=\"elementor-widget-container\">\n\t\t\t\t\t\t\t\t\t<p style=\"text-align: center;\"><strong>Gap analizi ile kurumlar\u0131n proje y\u00f6netimi s\u00fcre\u00e7lerini s\u00fcrekli olarak iyile\u015ftirmelerinin yol haritas\u0131n\u0131 sunarak daha<\/strong><br \/><strong>etkili ve verimli bir proje y\u00f6netimi sa\u011flamay\u0131 ve dolay\u0131s\u0131yla kurumun stratejik hedeflerine ula\u015fmas\u0131na katk\u0131<\/strong><br \/><strong>sunmak hedeflenmektedir.<\/strong><\/p>\t\t\t\t\t\t\t\t<\/div>\n\t\t\t\t<\/div>\n\t\t\t\t\t<\/div>\n\t\t\t\t<\/div>\n\t\t<div class=\"elementor-element elementor-element-1b4011a e-flex e-con-boxed e-con e-parent\" data-id=\"1b4011a\" data-element_type=\"container\">\n\t\t\t\t\t<div class=\"e-con-inner\">\n\t\t<div class=\"elementor-element elementor-element-e7cbc8c e-con-full e-flex e-con e-child\" data-id=\"e7cbc8c\" data-element_type=\"container\">\n\t\t\t\t<div class=\"elementor-element elementor-element-227e415 elementor-align-center elementor-widget elementor-widget-button\" data-id=\"227e415\" data-element_type=\"widget\" data-widget_type=\"button.default\">\n\t\t\t\t<div class=\"elementor-widget-container\">\n\t\t\t\t\t\t\t\t\t<div class=\"elementor-button-wrapper\">\n\t\t\t\t\t<a class=\"elementor-button elementor-button-link elementor-size-md\" href=\"https:\/\/projedoktoru.com\/index.php\/yapayzeka\/\">\n\t\t\t\t\t\t<span class=\"elementor-button-content-wrapper\">\n\t\t\t\t\t\t<span class=\"elementor-button-icon\">\n\t\t\t\t<svg aria-hidden=\"true\" class=\"e-font-icon-svg e-fas-arrow-circle-left\" viewBox=\"0 0 512 512\" xmlns=\"http:\/\/www.w3.org\/2000\/svg\"><path d=\"M256 504C119 504 8 393 8 256S119 8 256 8s248 111 248 248-111 248-248 248zm28.9-143.6L209.4 288H392c13.3 0 24-10.7 24-24v-16c0-13.3-10.7-24-24-24H209.4l75.5-72.4c9.7-9.3 9.9-24.8.4-34.3l-11-10.9c-9.4-9.4-24.6-9.4-33.9 0L107.7 239c-9.4 9.4-9.4 24.6 0 33.9l132.7 132.7c9.4 9.4 24.6 9.4 33.9 0l11-10.9c9.5-9.5 9.3-25-.4-34.3z\"><\/path><\/svg>\t\t\t<\/span>\n\t\t\t\t\t\t\t\t<\/span>\n\t\t\t\t\t<\/a>\n\t\t\t\t<\/div>\n\t\t\t\t\t\t\t\t<\/div>\n\t\t\t\t<\/div>\n\t\t\t\t<\/div>\n\t\t<div class=\"elementor-element elementor-element-c552187 e-con-full e-flex e-con e-child\" data-id=\"c552187\" data-element_type=\"container\">\n\t\t\t\t<div class=\"elementor-element elementor-element-1db3a2a elementor-align-center elementor-widget elementor-widget-button\" data-id=\"1db3a2a\" data-element_type=\"widget\" data-widget_type=\"button.default\">\n\t\t\t\t<div class=\"elementor-widget-container\">\n\t\t\t\t\t\t\t\t\t<div class=\"elementor-button-wrapper\">\n\t\t\t\t\t<a class=\"elementor-button elementor-button-link elementor-size-md\" href=\"https:\/\/projedoktoru.com\/index.php\/pyka\/\">\n\t\t\t\t\t\t<span class=\"elementor-button-content-wrapper\">\n\t\t\t\t\t\t<span class=\"elementor-button-icon\">\n\t\t\t\t<svg aria-hidden=\"true\" class=\"e-font-icon-svg e-fas-arrow-circle-right\" viewBox=\"0 0 512 512\" xmlns=\"http:\/\/www.w3.org\/2000\/svg\"><path d=\"M256 8c137 0 248 111 248 248S393 504 256 504 8 393 8 256 119 8 256 8zm-28.9 143.6l75.5 72.4H120c-13.3 0-24 10.7-24 24v16c0 13.3 10.7 24 24 24h182.6l-75.5 72.4c-9.7 9.3-9.9 24.8-.4 34.3l11 10.9c9.4 9.4 24.6 9.4 33.9 0L404.3 273c9.4-9.4 9.4-24.6 0-33.9L271.6 106.3c-9.4-9.4-24.6-9.4-33.9 0l-11 10.9c-9.5 9.6-9.3 25.1.4 34.4z\"><\/path><\/svg>\t\t\t<\/span>\n\t\t\t\t\t\t\t\t<\/span>\n\t\t\t\t\t<\/a>\n\t\t\t\t<\/div>\n\t\t\t\t\t\t\t\t<\/div>\n\t\t\t\t<\/div>\n\t\t\t\t<\/div>\n\t\t\t\t\t<\/div>\n\t\t\t\t<\/div>\n\t\t\t\t<\/div>\n\t\t","protected":false},"excerpt":{"rendered":"<p>Kurumlar\u0131n proje y\u00f6netimi s\u00fcre\u00e7lerinde gap analiz, mevcut durum ile hedeflenen performans veya standartlar aras\u0131ndaki farklar\u0131 belirlemek ve bu farklar\u0131 gidermek i\u00e7in ger\u00e7ekle\u015ftirilmektedir. Bu analiz i\u00e7in temel al\u0131nan iki parameter PMI (Project Management Institute) Standartlar\u0131 ve sekt\u00f6re \u00f6zel en iyi uygulamalard\u0131r. Gap analizi ile mevcut proje y\u00f6netimi s\u00fcre\u00e7lerinin ve uygulamalar\u0131n\u0131n geli\u015ftirmeye a\u00e7\u0131k alanlar\u0131n\u0131 tespit etmeyi ama\u00e7l\u0131yoruz &hellip; <\/p>\n<p class=\"link-more\"><a href=\"https:\/\/projedoktoru.com\/index.php\/gap\/\" class=\"more-link\"><span class=\"screen-reader-text\"> &#8220;GAP ANAL\u0130Z\u0130&#8221;<\/span>devam\u0131n\u0131 oku<\/a><\/p>\n","protected":false},"author":1,"featured_media":6896,"parent":0,"menu_order":0,"comment_status":"closed","ping_status":"closed","template":"page-templates\/full-width-builder-bb.php","meta":{"footnotes":"","inspiro_hide_title":false},"featured_media_urls":{"thumbnail":["https:\/\/projedoktoru.com\/wp-content\/uploads\/2023\/11\/gapbackground-150x150.jpg",150,150,true],"medium":["https:\/\/projedoktoru.com\/wp-content\/uploads\/2023\/11\/gapbackground-300x169.jpg",300,169,true],"medium_large":["https:\/\/projedoktoru.com\/wp-content\/uploads\/2023\/11\/gapbackground-768x432.jpg",768,432,true],"large":["https:\/\/projedoktoru.com\/wp-content\/uploads\/2023\/11\/gapbackground-1024x576.jpg",950,534,true],"1536x1536":["https:\/\/projedoktoru.com\/wp-content\/uploads\/2023\/11\/gapbackground-1536x864.jpg",1536,864,true],"2048x2048":["https:\/\/projedoktoru.com\/wp-content\/uploads\/2023\/11\/gapbackground.jpg",1920,1080,false],"inspiro-featured-image":["https:\/\/projedoktoru.com\/wp-content\/uploads\/2023\/11\/gapbackground.jpg",1920,1080,false],"inspiro-loop":["https:\/\/projedoktoru.com\/wp-content\/uploads\/2023\/11\/gapbackground-950x320.jpg",950,320,true],"inspiro-loop@2x":["https:\/\/projedoktoru.com\/wp-content\/uploads\/2023\/11\/gapbackground-1900x640.jpg",1900,640,true],"portfolio_item-thumbnail":["https:\/\/projedoktoru.com\/wp-content\/uploads\/2023\/11\/gapbackground-600x400.jpg",600,400,true],"portfolio_item-thumbnail@2x":["https:\/\/projedoktoru.com\/wp-content\/uploads\/2023\/11\/gapbackground-1200x800.jpg",1200,800,true],"portfolio_item-masonry":["https:\/\/projedoktoru.com\/wp-content\/uploads\/2023\/11\/gapbackground-600x338.jpg",600,338,true],"portfolio_item-masonry@2x":["https:\/\/projedoktoru.com\/wp-content\/uploads\/2023\/11\/gapbackground-1200x675.jpg",1200,675,true],"portfolio_item-thumbnail_cinema":["https:\/\/projedoktoru.com\/wp-content\/uploads\/2023\/11\/gapbackground-800x335.jpg",800,335,true],"portfolio_item-thumbnail_portrait":["https:\/\/projedoktoru.com\/wp-content\/uploads\/2023\/11\/gapbackground-600x900.jpg",600,900,true],"portfolio_item-thumbnail_portrait@2x":["https:\/\/projedoktoru.com\/wp-content\/uploads\/2023\/11\/gapbackground-1200x1080.jpg",1200,1080,true],"portfolio_item-thumbnail_square":["https:\/\/projedoktoru.com\/wp-content\/uploads\/2023\/11\/gapbackground-800x800.jpg",800,800,true]},"_links":{"self":[{"href":"https:\/\/projedoktoru.com\/index.php\/wp-json\/wp\/v2\/pages\/6870"}],"collection":[{"href":"https:\/\/projedoktoru.com\/index.php\/wp-json\/wp\/v2\/pages"}],"about":[{"href":"https:\/\/projedoktoru.com\/index.php\/wp-json\/wp\/v2\/types\/page"}],"author":[{"embeddable":true,"href":"https:\/\/projedoktoru.com\/index.php\/wp-json\/wp\/v2\/users\/1"}],"replies":[{"embeddable":true,"href":"https:\/\/projedoktoru.com\/index.php\/wp-json\/wp\/v2\/comments?post=6870"}],"version-history":[{"count":99,"href":"https:\/\/projedoktoru.com\/index.php\/wp-json\/wp\/v2\/pages\/6870\/revisions"}],"predecessor-version":[{"id":7472,"href":"https:\/\/projedoktoru.com\/index.php\/wp-json\/wp\/v2\/pages\/6870\/revisions\/7472"}],"wp:featuredmedia":[{"embeddable":true,"href":"https:\/\/projedoktoru.com\/index.php\/wp-json\/wp\/v2\/media\/6896"}],"wp:attachment":[{"href":"https:\/\/projedoktoru.com\/index.php\/wp-json\/wp\/v2\/media?parent=6870"}],"curies":[{"name":"wp","href":"https:\/\/api.w.org\/{rel}","templated":true}]}}