{"id":628,"date":"2009-05-06T11:43:24","date_gmt":"2009-05-06T16:43:24","guid":{"rendered":"http:\/\/wpzoom.com\/zenko\/demo\/?page_id=3"},"modified":"2023-11-27T07:28:29","modified_gmt":"2023-11-27T07:28:29","slug":"contact","status":"publish","type":"page","link":"https:\/\/projedoktoru.com\/index.php\/contact\/","title":{"rendered":"Contact"},"content":{"rendered":"\t\t<div data-elementor-type=\"wp-page\" data-elementor-id=\"628\" class=\"elementor elementor-628\">\n\t\t\t\t\t\t<section class=\"elementor-section elementor-top-section elementor-element elementor-element-e9a6140 elementor-section-boxed elementor-section-height-default elementor-section-height-default\" data-id=\"e9a6140\" data-element_type=\"section\">\n\t\t\t\t\t\t<div class=\"elementor-container elementor-column-gap-default\">\n\t\t\t\t\t\t<\/div>\n\t\t<\/section>\n\t\t<div class=\"elementor-element elementor-element-df151a4 e-flex e-con-boxed e-con e-parent\" data-id=\"df151a4\" data-element_type=\"container\">\n\t\t\t\t\t<div class=\"e-con-inner\">\n\t\t\t\t<div class=\"elementor-element elementor-element-c8020e6 elementor-list-item-link-inline elementor-icon-list--layout-traditional elementor-widget elementor-widget-icon-list\" data-id=\"c8020e6\" data-element_type=\"widget\" data-widget_type=\"icon-list.default\">\n\t\t\t\t<div class=\"elementor-widget-container\">\n\t\t\t\t\t\t\t<ul class=\"elementor-icon-list-items\">\n\t\t\t\t\t\t\t<li class=\"elementor-icon-list-item\">\n\t\t\t\t\t\t\t\t\t\t\t<span class=\"elementor-icon-list-icon\">\n\t\t\t\t\t\t\t<svg aria-hidden=\"true\" class=\"e-font-icon-svg e-fas-phone-alt\" viewBox=\"0 0 512 512\" xmlns=\"http:\/\/www.w3.org\/2000\/svg\"><path d=\"M497.39 361.8l-112-48a24 24 0 0 0-28 6.9l-49.6 60.6A370.66 370.66 0 0 1 130.6 204.11l60.6-49.6a23.94 23.94 0 0 0 6.9-28l-48-112A24.16 24.16 0 0 0 122.6.61l-104 24A24 24 0 0 0 0 48c0 256.5 207.9 464 464 464a24 24 0 0 0 23.4-18.6l24-104a24.29 24.29 0 0 0-14.01-27.6z\"><\/path><\/svg>\t\t\t\t\t\t<\/span>\n\t\t\t\t\t\t\t\t\t\t<span class=\"elementor-icon-list-text\">+905332360514<\/span>\n\t\t\t\t\t\t\t\t\t<\/li>\n\t\t\t\t\t\t\t\t<li class=\"elementor-icon-list-item\">\n\t\t\t\t\t\t\t\t\t\t\t<span class=\"elementor-icon-list-icon\">\n\t\t\t\t\t\t\t<svg aria-hidden=\"true\" class=\"e-font-icon-svg e-fab-telegram-plane\" viewBox=\"0 0 448 512\" xmlns=\"http:\/\/www.w3.org\/2000\/svg\"><path d=\"M446.7 98.6l-67.6 318.8c-5.1 22.5-18.4 28.1-37.3 17.5l-103-75.9-49.7 47.8c-5.5 5.5-10.1 10.1-20.7 10.1l7.4-104.9 190.9-172.5c8.3-7.4-1.8-11.5-12.9-4.1L117.8 284 16.2 252.2c-22.1-6.9-22.5-22.1 4.6-32.7L418.2 66.4c18.4-6.9 34.5 4.1 28.5 32.2z\"><\/path><\/svg>\t\t\t\t\t\t<\/span>\n\t\t\t\t\t\t\t\t\t\t<span class=\"elementor-icon-list-text\">pmo@mustafahafizoglu.com<\/span>\n\t\t\t\t\t\t\t\t\t<\/li>\n\t\t\t\t\t\t\t\t<li class=\"elementor-icon-list-item\">\n\t\t\t\t\t\t\t\t\t\t\t<a href=\"https:\/\/maps.app.goo.gl\/FhQk59SdkMYp6uE28\">\n\n\t\t\t\t\t\t\t\t\t\t\t\t<span class=\"elementor-icon-list-icon\">\n\t\t\t\t\t\t\t<svg aria-hidden=\"true\" class=\"e-font-icon-svg e-fas-map-marker-alt\" viewBox=\"0 0 384 512\" xmlns=\"http:\/\/www.w3.org\/2000\/svg\"><path d=\"M172.268 501.67C26.97 291.031 0 269.413 0 192 0 85.961 85.961 0 192 0s192 85.961 192 192c0 77.413-26.97 99.031-172.268 309.67-9.535 13.774-29.93 13.773-39.464 0zM192 272c44.183 0 80-35.817 80-80s-35.817-80-80-80-80 35.817-80 80 35.817 80 80 80z\"><\/path><\/svg>\t\t\t\t\t\t<\/span>\n\t\t\t\t\t\t\t\t\t\t<span class=\"elementor-icon-list-text\">1071 Kuleleri K\u0131z\u0131l\u0131rmak Mah. 1443. Cad No: 25B\/8 Cankaya Ankara Turkey<\/span>\n\t\t\t\t\t\t\t\t\t\t\t<\/a>\n\t\t\t\t\t\t\t\t\t<\/li>\n\t\t\t\t\t\t<\/ul>\n\t\t\t\t\t\t<\/div>\n\t\t\t\t<\/div>\n\t\t\t\t\t<\/div>\n\t\t\t\t<\/div>\n\t\t\t\t<section class=\"elementor-section elementor-top-section elementor-element elementor-element-17c65841 elementor-section-boxed elementor-section-height-default elementor-section-height-default\" data-id=\"17c65841\" data-element_type=\"section\">\n\t\t\t\t\t\t<div class=\"elementor-container elementor-column-gap-default\">\n\t\t\t\t\t\t<\/div>\n\t\t<\/section>\n\t\t\t\t<section class=\"elementor-section elementor-top-section elementor-element elementor-element-3d71d871 elementor-section-full_width elementor-section-height-default elementor-section-height-default\" data-id=\"3d71d871\" data-element_type=\"section\" data-settings=\"{&quot;background_background&quot;:&quot;classic&quot;}\">\n\t\t\t\t\t\t<div class=\"elementor-container elementor-column-gap-default\">\n\t\t\t\t\t<div class=\"elementor-column elementor-col-100 elementor-top-column elementor-element elementor-element-64dabaca\" data-id=\"64dabaca\" data-element_type=\"column\" data-settings=\"{&quot;background_background&quot;:&quot;classic&quot;}\">\n\t\t\t<div class=\"elementor-widget-wrap elementor-element-populated\">\n\t\t\t\t\t\t<div class=\"elementor-element elementor-element-3e9394e4 elementor-widget elementor-widget-heading\" data-id=\"3e9394e4\" data-element_type=\"widget\" data-widget_type=\"heading.default\">\n\t\t\t\t<div class=\"elementor-widget-container\">\n\t\t\t\t\t<h2 class=\"elementor-heading-title elementor-size-default\">Harita<\/h2>\t\t\t\t<\/div>\n\t\t\t\t<\/div>\n\t\t\t\t<div class=\"elementor-element elementor-element-7ab7015a elementor-widget elementor-widget-google_maps\" data-id=\"7ab7015a\" data-element_type=\"widget\" data-widget_type=\"google_maps.default\">\n\t\t\t\t<div class=\"elementor-widget-container\">\n\t\t\t\t\t\t\t<div class=\"elementor-custom-embed\">\n\t\t\t<iframe loading=\"lazy\"\n\t\t\t\t\tsrc=\"https:\/\/maps.google.com\/maps?q=1071%20Kuleleri%20K%C4%B1z%C4%B1l%C4%B1rmak%20Mah.%201443.%20Cad%20No%3A%2025B%2F8%20Cankaya%20Ankara%20Turkey&#038;t=m&#038;z=14&#038;output=embed&#038;iwloc=near\"\n\t\t\t\t\ttitle=\"1071 Kuleleri K\u0131z\u0131l\u0131rmak Mah. 1443. Cad No: 25B\/8 Cankaya Ankara Turkey\"\n\t\t\t\t\taria-label=\"1071 Kuleleri K\u0131z\u0131l\u0131rmak Mah. 1443. Cad No: 25B\/8 Cankaya Ankara Turkey\"\n\t\t\t><\/iframe>\n\t\t<\/div>\n\t\t\t\t\t\t<\/div>\n\t\t\t\t<\/div>\n\t\t\t\t\t<\/div>\n\t\t<\/div>\n\t\t\t\t\t<\/div>\n\t\t<\/section>\n\t\t\t\t<\/div>\n\t\t","protected":false},"excerpt":{"rendered":"<p>+905332360514 pmo@mustafahafizoglu.com 1071 Kuleleri K\u0131z\u0131l\u0131rmak Mah. 1443. Cad No: 25B\/8 Cankaya Ankara Turkey Harita<\/p>\n","protected":false},"author":1,"featured_media":7387,"parent":0,"menu_order":0,"comment_status":"closed","ping_status":"closed","template":"page-templates\/full-width-builder-bb.php","meta":{"footnotes":"","inspiro_hide_title":false},"featured_media_urls":{"thumbnail":["https:\/\/projedoktoru.com\/wp-content\/uploads\/2023\/11\/iletisim-150x150.jpg",150,150,true],"medium":["https:\/\/projedoktoru.com\/wp-content\/uploads\/2023\/11\/iletisim-300x169.jpg",300,169,true],"medium_large":["https:\/\/projedoktoru.com\/wp-content\/uploads\/2023\/11\/iletisim.jpg",768,432,false],"large":["https:\/\/projedoktoru.com\/wp-content\/uploads\/2023\/11\/iletisim-1024x576.jpg",950,534,true],"1536x1536":["https:\/\/projedoktoru.com\/wp-content\/uploads\/2023\/11\/iletisim-1536x864.jpg",1536,864,true],"2048x2048":["https:\/\/projedoktoru.com\/wp-content\/uploads\/2023\/11\/iletisim.jpg",1920,1080,false],"inspiro-featured-image":["https:\/\/projedoktoru.com\/wp-content\/uploads\/2023\/11\/iletisim.jpg",1920,1080,false],"inspiro-loop":["https:\/\/projedoktoru.com\/wp-content\/uploads\/2023\/11\/iletisim-950x320.jpg",950,320,true],"inspiro-loop@2x":["https:\/\/projedoktoru.com\/wp-content\/uploads\/2023\/11\/iletisim-1900x640.jpg",1900,640,true],"portfolio_item-thumbnail":["https:\/\/projedoktoru.com\/wp-content\/uploads\/2023\/11\/iletisim-600x400.jpg",600,400,true],"portfolio_item-thumbnail@2x":["https:\/\/projedoktoru.com\/wp-content\/uploads\/2023\/11\/iletisim-1200x800.jpg",1200,800,true],"portfolio_item-masonry":["https:\/\/projedoktoru.com\/wp-content\/uploads\/2023\/11\/iletisim-600x338.jpg",600,338,true],"portfolio_item-masonry@2x":["https:\/\/projedoktoru.com\/wp-content\/uploads\/2023\/11\/iletisim-1200x675.jpg",1200,675,true],"portfolio_item-thumbnail_cinema":["https:\/\/projedoktoru.com\/wp-content\/uploads\/2023\/11\/iletisim-800x335.jpg",800,335,true],"portfolio_item-thumbnail_portrait":["https:\/\/projedoktoru.com\/wp-content\/uploads\/2023\/11\/iletisim-600x900.jpg",600,900,true],"portfolio_item-thumbnail_portrait@2x":["https:\/\/projedoktoru.com\/wp-content\/uploads\/2023\/11\/iletisim-1200x1080.jpg",1200,1080,true],"portfolio_item-thumbnail_square":["https:\/\/projedoktoru.com\/wp-content\/uploads\/2023\/11\/iletisim-800x800.jpg",800,800,true]},"_links":{"self":[{"href":"https:\/\/projedoktoru.com\/index.php\/wp-json\/wp\/v2\/pages\/628"}],"collection":[{"href":"https:\/\/projedoktoru.com\/index.php\/wp-json\/wp\/v2\/pages"}],"about":[{"href":"https:\/\/projedoktoru.com\/index.php\/wp-json\/wp\/v2\/types\/page"}],"author":[{"embeddable":true,"href":"https:\/\/projedoktoru.com\/index.php\/wp-json\/wp\/v2\/users\/1"}],"replies":[{"embeddable":true,"href":"https:\/\/projedoktoru.com\/index.php\/wp-json\/wp\/v2\/comments?post=628"}],"version-history":[{"count":43,"href":"https:\/\/projedoktoru.com\/index.php\/wp-json\/wp\/v2\/pages\/628\/revisions"}],"predecessor-version":[{"id":7391,"href":"https:\/\/projedoktoru.com\/index.php\/wp-json\/wp\/v2\/pages\/628\/revisions\/7391"}],"wp:featuredmedia":[{"embeddable":true,"href":"https:\/\/projedoktoru.com\/index.php\/wp-json\/wp\/v2\/media\/7387"}],"wp:attachment":[{"href":"https:\/\/projedoktoru.com\/index.php\/wp-json\/wp\/v2\/media?parent=628"}],"curies":[{"name":"wp","href":"https:\/\/api.w.org\/{rel}","templated":true}]}}