{"id":5592,"date":"2016-12-05T09:17:34","date_gmt":"2016-12-05T09:17:34","guid":{"rendered":"http:\/\/demo.wpzoom.com\/inspiro\/?page_id=5592"},"modified":"2024-01-03T01:12:10","modified_gmt":"2024-01-03T01:12:10","slug":"hakkimizda","status":"publish","type":"page","link":"https:\/\/projedoktoru.com\/index.php\/hakkimizda\/","title":{"rendered":"HAKKIMIZDA"},"content":{"rendered":"\t\t<div data-elementor-type=\"wp-page\" data-elementor-id=\"5592\" class=\"elementor elementor-5592\">\n\t\t\t\t<div class=\"elementor-element elementor-element-88c8550 e-flex e-con-boxed e-con e-parent\" data-id=\"88c8550\" data-element_type=\"container\">\n\t\t\t\t\t<div class=\"e-con-inner\">\n\t\t<div class=\"elementor-element elementor-element-26b029e e-con-full e-flex e-con e-child\" data-id=\"26b029e\" data-element_type=\"container\">\n\t\t\t\t<div class=\"elementor-element elementor-element-ad3a610 elementor-widget-divider--view-line elementor-widget elementor-widget-divider\" data-id=\"ad3a610\" data-element_type=\"widget\" data-widget_type=\"divider.default\">\n\t\t\t\t<div class=\"elementor-widget-container\">\n\t\t\t\t\t\t\t<div class=\"elementor-divider\">\n\t\t\t<span class=\"elementor-divider-separator\">\n\t\t\t\t\t\t<\/span>\n\t\t<\/div>\n\t\t\t\t\t\t<\/div>\n\t\t\t\t<\/div>\n\t\t\t\t<\/div>\n\t\t<div class=\"elementor-element elementor-element-003f4f5 e-con-full e-flex e-con e-child\" data-id=\"003f4f5\" data-element_type=\"container\">\n\t\t\t\t<div class=\"elementor-element elementor-element-f123e6c elementor-widget elementor-widget-image\" data-id=\"f123e6c\" data-element_type=\"widget\" data-widget_type=\"image.default\">\n\t\t\t\t<div class=\"elementor-widget-container\">\n\t\t\t\t\t\t\t\t\t\t\t\t\t\t\t<img decoding=\"async\" width=\"150\" height=\"150\" src=\"https:\/\/projedoktoru.com\/wp-content\/uploads\/2023\/11\/Mustafa-Hafizoglu--150x150.png\" class=\"attachment-thumbnail size-thumbnail wp-image-7101\" alt=\"\" srcset=\"https:\/\/projedoktoru.com\/wp-content\/uploads\/2023\/11\/Mustafa-Hafizoglu--150x150.png 150w, https:\/\/projedoktoru.com\/wp-content\/uploads\/2023\/11\/Mustafa-Hafizoglu--300x300.png 300w, https:\/\/projedoktoru.com\/wp-content\/uploads\/2023\/11\/Mustafa-Hafizoglu--1024x1024.png 1024w, https:\/\/projedoktoru.com\/wp-content\/uploads\/2023\/11\/Mustafa-Hafizoglu--768x768.png 768w, https:\/\/projedoktoru.com\/wp-content\/uploads\/2023\/11\/Mustafa-Hafizoglu--1536x1536.png 1536w, https:\/\/projedoktoru.com\/wp-content\/uploads\/2023\/11\/Mustafa-Hafizoglu--600x600.png 600w, https:\/\/projedoktoru.com\/wp-content\/uploads\/2023\/11\/Mustafa-Hafizoglu--1200x1200.png 1200w, https:\/\/projedoktoru.com\/wp-content\/uploads\/2023\/11\/Mustafa-Hafizoglu--800x800.png 800w, https:\/\/projedoktoru.com\/wp-content\/uploads\/2023\/11\/Mustafa-Hafizoglu-.png 2000w\" sizes=\"100vw\" \/>\t\t\t\t\t\t\t\t\t\t\t\t\t\t\t<\/div>\n\t\t\t\t<\/div>\n\t\t\t\t<\/div>\n\t\t<div class=\"elementor-element elementor-element-208c460 e-con-full e-flex e-con e-child\" data-id=\"208c460\" data-element_type=\"container\">\n\t\t\t\t<div class=\"elementor-element elementor-element-f3ee4fd elementor-widget-divider--view-line elementor-widget elementor-widget-divider\" data-id=\"f3ee4fd\" data-element_type=\"widget\" data-widget_type=\"divider.default\">\n\t\t\t\t<div class=\"elementor-widget-container\">\n\t\t\t\t\t\t\t<div class=\"elementor-divider\">\n\t\t\t<span class=\"elementor-divider-separator\">\n\t\t\t\t\t\t<\/span>\n\t\t<\/div>\n\t\t\t\t\t\t<\/div>\n\t\t\t\t<\/div>\n\t\t\t\t<\/div>\n\t\t\t\t\t<\/div>\n\t\t\t\t<\/div>\n\t\t\t\t<section class=\"elementor-section elementor-top-section elementor-element elementor-element-6dd5e545 elementor-section-full_width elementor-section-height-default elementor-section-height-default\" data-id=\"6dd5e545\" data-element_type=\"section\">\n\t\t\t\t\t\t<div class=\"elementor-container elementor-column-gap-no\">\n\t\t\t\t\t<div class=\"elementor-column elementor-col-100 elementor-top-column elementor-element elementor-element-35934f08\" data-id=\"35934f08\" data-element_type=\"column\">\n\t\t\t<div class=\"elementor-widget-wrap elementor-element-populated\">\n\t\t\t\t\t\t<section class=\"elementor-section elementor-inner-section elementor-element elementor-element-7a19ee1 elementor-section-boxed elementor-section-height-default elementor-section-height-default\" data-id=\"7a19ee1\" data-element_type=\"section\">\n\t\t\t\t\t\t<div class=\"elementor-container elementor-column-gap-no\">\n\t\t\t\t\t<div class=\"elementor-column elementor-col-100 elementor-inner-column elementor-element elementor-element-371c4441\" data-id=\"371c4441\" data-element_type=\"column\">\n\t\t\t<div class=\"elementor-widget-wrap elementor-element-populated\">\n\t\t\t\t\t\t<div class=\"elementor-element elementor-element-89ab21a elementor-widget elementor-widget-image\" data-id=\"89ab21a\" data-element_type=\"widget\" data-widget_type=\"image.default\">\n\t\t\t\t<div class=\"elementor-widget-container\">\n\t\t\t\t\t\t\t\t\t\t\t\t\t\t\t<img fetchpriority=\"high\" decoding=\"async\" width=\"1640\" height=\"624\" src=\"https:\/\/projedoktoru.com\/wp-content\/uploads\/2024\/01\/hakkimizda_r1.jpg\" class=\"attachment-full size-full wp-image-7405\" alt=\"\" srcset=\"https:\/\/projedoktoru.com\/wp-content\/uploads\/2024\/01\/hakkimizda_r1.jpg 1640w, https:\/\/projedoktoru.com\/wp-content\/uploads\/2024\/01\/hakkimizda_r1-300x114.jpg 300w, https:\/\/projedoktoru.com\/wp-content\/uploads\/2024\/01\/hakkimizda_r1-1024x390.jpg 1024w, https:\/\/projedoktoru.com\/wp-content\/uploads\/2024\/01\/hakkimizda_r1-1536x584.jpg 1536w, https:\/\/projedoktoru.com\/wp-content\/uploads\/2024\/01\/hakkimizda_r1-600x228.jpg 600w, https:\/\/projedoktoru.com\/wp-content\/uploads\/2024\/01\/hakkimizda_r1-1200x457.jpg 1200w\" sizes=\"100vw\" \/>\t\t\t\t\t\t\t\t\t\t\t\t\t\t\t<\/div>\n\t\t\t\t<\/div>\n\t\t\t\t<div class=\"elementor-element elementor-element-14e4796c elementor-widget elementor-widget-text-editor\" data-id=\"14e4796c\" data-element_type=\"widget\" data-widget_type=\"text-editor.default\">\n\t\t\t\t<div class=\"elementor-widget-container\">\n\t\t\t\t\t\t\t\t\t<p><strong>Dr. Mustafa Haf\u0131zo\u011flu<\/strong> \u2013 Managing Partner (Advisors Turkey), PYO Zirvesi Kurucusu, PMI T\u00fcrkiye 2017 Ba\u015fkan\u0131, \u00d6\u011fretim G\u00f6revlisi (ODT\u00dc, TED \u00dcniversitesi, At\u0131l\u0131m \u00dcniversitesi \u2013 Yar\u0131 Zamanl\u0131)<br \/>Mustafa Hafizoglu, 2022 y\u0131l\u0131nda d\u00fcnyadaki en etkili proje y\u00f6netim liderlerlerinden birisi olarak g\u00f6sterllmi\u015ftir. Savunma Sanayinde Proje Y\u00f6netimi alan\u0131nda 25 y\u0131l\u0131 a\u015fk\u0131n tecr\u00fcbesinin yan\u0131nda halen ODT\u00dc, TED \u00dcniversitesi ve At\u0131l\u0131m \u00dcniversitesinde yar\u0131 zamanl\u0131 proje y\u00f6netimi dersleri vermekte ve bu alanda 2 T\u00fcrk\u00e7e, 2 uluslararas\u0131 kitapta yazar olarak yer almaktad\u0131r.<br \/>Mustafa, toplam bedeli 1 milyar dolar\u0131n \u00fczerinde proje ve program y\u00f6netmi\u015f; Proje Y\u00f6netim Ofisi kurmu\u015f, geli\u015ftirmi\u015f ve bu alanda T\u00fcrkiye\u2019nin say\u0131l\u0131 profesyonelleri aras\u0131na girmi\u015ftir. Halen T\u00fcrkiye&#8217;de ilk ve tek olan ve proje y\u00f6netim ofislerini bir araya getiren konferans\u0131n (<strong>www.pyozirvesi.com<\/strong>) y\u00f6neticisidir.<br \/><strong>Mustafa<\/strong>, 16 y\u0131l\u0131 a\u015fk\u0131n bir s\u00fcredir PMI (Project Management Institute) aktif g\u00f6n\u00fcll\u00fcs\u00fc olup PMI T\u00fcrkiye Chapter kurucular\u0131ndan ve 2017 Ba\u015fkan\u0131d\u0131r. Bu derne\u011fin kurulmas\u0131nda ve d\u00f6n\u00fc\u015f\u00fcm\u00fcnde etkin rol alarak Avrupa&#8217;n\u0131n en etkili proje y\u00f6netim derneklerinden birisi haline gelmesine \u00f6nc\u00fcl\u00fck etmi\u015ftir. Ayn\u0131 zamanda TUG\u0130M (T\u00fcm Giri\u015fimci ve \u0130\u015f Mentorlar\u0131 Derne\u011fi) \u00fcyesi olan Mustafa, giri\u015fimcilere mentorluk yapmaktad\u0131r.<br \/><strong>Mustafa Haf\u0131zo\u011flu<\/strong>, lisans ve y\u00fcksek lisans derecesini ODT\u00dc End\u00fcstri M\u00fchendisli\u011finden alm\u0131\u015f, doktoras\u0131na At\u0131l\u0131m \u00dcniversitesinde \u0130\u015fletme alan\u0131nda tamamlam\u0131\u015ft\u0131r. 4 farkl\u0131 k\u0131tada 20&#8217;den fazla \u00fclkede uluslararas\u0131 konferans ve seminerlere kat\u0131lm\u0131\u015f, \u00fcst d\u00fczey sunumlar ger\u00e7ekle\u015ftirmi\u015ftir.<br \/>Bunlardan baz\u0131lar\u0131:<br \/>. Global Project Management Forum &#8211; PMI KSA (Riyad- 2023)<br \/>. Agile Dubai &#8211; FutureAgile (Dubai- 2023 )<br \/>\u00b7 Project Management in Practice Congress, Boston University (USA &#8211; 2021)<br \/>\u00b7 Project Management Summit (Europe\u2019s Largest) \u2013 Sofia, Bulgaria (2019)<br \/>\u00b7 Portfolio Experience International Summit \u2013 Warsaw Poland (2019)<br \/>\u00b7 PMI Global Congress, Barcelona ( 2016)<br \/>\u00b7 Strategic PPM 2013 Program &amp; Portfolio Management International Seminar, Casablanca, Morocco (2013)<\/p>\t\t\t\t\t\t\t\t<\/div>\n\t\t\t\t<\/div>\n\t\t\t\t<div class=\"elementor-element elementor-element-610da4e elementor-view-default elementor-widget elementor-widget-icon\" data-id=\"610da4e\" data-element_type=\"widget\" data-widget_type=\"icon.default\">\n\t\t\t\t<div class=\"elementor-widget-container\">\n\t\t\t\t\t\t\t<div class=\"elementor-icon-wrapper\">\n\t\t\t<a class=\"elementor-icon\" href=\"https:\/\/www.linkedin.com\/in\/mustafa-haf%C4%B1zo%C4%9Flu-pmp-sip-7059b74\/\">\n\t\t\t<svg aria-hidden=\"true\" class=\"e-font-icon-svg e-fab-linkedin\" viewBox=\"0 0 448 512\" xmlns=\"http:\/\/www.w3.org\/2000\/svg\"><path d=\"M416 32H31.9C14.3 32 0 46.5 0 64.3v383.4C0 465.5 14.3 480 31.9 480H416c17.6 0 32-14.5 32-32.3V64.3c0-17.8-14.4-32.3-32-32.3zM135.4 416H69V202.2h66.5V416zm-33.2-243c-21.3 0-38.5-17.3-38.5-38.5S80.9 96 102.2 96c21.2 0 38.5 17.3 38.5 38.5 0 21.3-17.2 38.5-38.5 38.5zm282.1 243h-66.4V312c0-24.8-.5-56.7-34.5-56.7-34.6 0-39.9 27-39.9 54.9V416h-66.4V202.2h63.7v29.2h.9c8.9-16.8 30.6-34.5 62.9-34.5 67.2 0 79.7 44.3 79.7 101.9V416z\"><\/path><\/svg>\t\t\t<\/a>\n\t\t<\/div>\n\t\t\t\t\t\t<\/div>\n\t\t\t\t<\/div>\n\t\t\t\t\t<\/div>\n\t\t<\/div>\n\t\t\t\t\t<\/div>\n\t\t<\/section>\n\t\t\t\t\t<\/div>\n\t\t<\/div>\n\t\t\t\t\t<\/div>\n\t\t<\/section>\n\t\t<div class=\"elementor-element elementor-element-5fe1b2d e-flex e-con-boxed e-con e-parent\" data-id=\"5fe1b2d\" data-element_type=\"container\" data-settings=\"{&quot;background_background&quot;:&quot;classic&quot;}\">\n\t\t\t\t\t<div class=\"e-con-inner\">\n\t\t<div class=\"elementor-element elementor-element-43f4324 e-con-full e-flex e-con e-child\" data-id=\"43f4324\" data-element_type=\"container\">\n\t\t\t\t<div class=\"elementor-element elementor-element-b17c80c elementor-widget elementor-widget-image\" data-id=\"b17c80c\" data-element_type=\"widget\" data-widget_type=\"image.default\">\n\t\t\t\t<div class=\"elementor-widget-container\">\n\t\t\t\t\t\t\t\t\t\t\t\t\t\t\t<img decoding=\"async\" width=\"512\" height=\"512\" src=\"https:\/\/projedoktoru.com\/wp-content\/uploads\/2023\/11\/adv.jpg\" class=\"attachment-large size-large wp-image-6805\" alt=\"\" srcset=\"https:\/\/projedoktoru.com\/wp-content\/uploads\/2023\/11\/adv.jpg 512w, https:\/\/projedoktoru.com\/wp-content\/uploads\/2023\/11\/adv-300x300.jpg 300w, https:\/\/projedoktoru.com\/wp-content\/uploads\/2023\/11\/adv-150x150.jpg 150w\" sizes=\"100vw\" \/>\t\t\t\t\t\t\t\t\t\t\t\t\t\t\t<\/div>\n\t\t\t\t<\/div>\n\t\t\t\t<\/div>\n\t\t<div class=\"elementor-element elementor-element-4d026aa e-con-full e-flex e-con e-child\" data-id=\"4d026aa\" data-element_type=\"container\">\n\t\t\t\t<div class=\"elementor-element elementor-element-27222ba elementor-widget elementor-widget-image\" data-id=\"27222ba\" data-element_type=\"widget\" data-widget_type=\"image.default\">\n\t\t\t\t<div class=\"elementor-widget-container\">\n\t\t\t\t\t\t\t\t\t\t\t\t\t\t\t<img loading=\"lazy\" decoding=\"async\" width=\"512\" height=\"512\" src=\"https:\/\/projedoktoru.com\/wp-content\/uploads\/2023\/11\/pyo.jpg\" class=\"attachment-large size-large wp-image-6810\" alt=\"\" srcset=\"https:\/\/projedoktoru.com\/wp-content\/uploads\/2023\/11\/pyo.jpg 512w, https:\/\/projedoktoru.com\/wp-content\/uploads\/2023\/11\/pyo-300x300.jpg 300w, https:\/\/projedoktoru.com\/wp-content\/uploads\/2023\/11\/pyo-150x150.jpg 150w\" sizes=\"100vw\" \/>\t\t\t\t\t\t\t\t\t\t\t\t\t\t\t<\/div>\n\t\t\t\t<\/div>\n\t\t\t\t<\/div>\n\t\t<div class=\"elementor-element elementor-element-1e1b542 e-con-full e-flex e-con e-child\" data-id=\"1e1b542\" data-element_type=\"container\">\n\t\t\t\t<div class=\"elementor-element elementor-element-4bd1f3a elementor-widget elementor-widget-image\" data-id=\"4bd1f3a\" data-element_type=\"widget\" data-widget_type=\"image.default\">\n\t\t\t\t<div class=\"elementor-widget-container\">\n\t\t\t\t\t\t\t\t\t\t\t\t\t\t\t<img loading=\"lazy\" decoding=\"async\" width=\"512\" height=\"512\" src=\"https:\/\/projedoktoru.com\/wp-content\/uploads\/2023\/11\/pmi.jpg\" class=\"attachment-large size-large wp-image-6808\" alt=\"\" srcset=\"https:\/\/projedoktoru.com\/wp-content\/uploads\/2023\/11\/pmi.jpg 512w, https:\/\/projedoktoru.com\/wp-content\/uploads\/2023\/11\/pmi-300x300.jpg 300w, https:\/\/projedoktoru.com\/wp-content\/uploads\/2023\/11\/pmi-150x150.jpg 150w\" sizes=\"100vw\" \/>\t\t\t\t\t\t\t\t\t\t\t\t\t\t\t<\/div>\n\t\t\t\t<\/div>\n\t\t\t\t<\/div>\n\t\t<div class=\"elementor-element elementor-element-4edb903 e-con-full e-flex e-con e-child\" data-id=\"4edb903\" data-element_type=\"container\">\n\t\t\t\t<div class=\"elementor-element elementor-element-f7c7c02 elementor-widget elementor-widget-image\" data-id=\"f7c7c02\" data-element_type=\"widget\" data-widget_type=\"image.default\">\n\t\t\t\t<div class=\"elementor-widget-container\">\n\t\t\t\t\t\t\t\t\t\t\t\t\t\t\t<img loading=\"lazy\" decoding=\"async\" width=\"512\" height=\"512\" src=\"https:\/\/projedoktoru.com\/wp-content\/uploads\/2023\/11\/odtu.jpg\" class=\"attachment-large size-large wp-image-6807\" alt=\"\" srcset=\"https:\/\/projedoktoru.com\/wp-content\/uploads\/2023\/11\/odtu.jpg 512w, https:\/\/projedoktoru.com\/wp-content\/uploads\/2023\/11\/odtu-300x300.jpg 300w, https:\/\/projedoktoru.com\/wp-content\/uploads\/2023\/11\/odtu-150x150.jpg 150w\" sizes=\"100vw\" \/>\t\t\t\t\t\t\t\t\t\t\t\t\t\t\t<\/div>\n\t\t\t\t<\/div>\n\t\t\t\t<\/div>\n\t\t<div class=\"elementor-element elementor-element-1c1cc89 e-con-full e-flex e-con e-child\" data-id=\"1c1cc89\" data-element_type=\"container\">\n\t\t\t\t<div class=\"elementor-element elementor-element-9e46c62 elementor-widget elementor-widget-image\" data-id=\"9e46c62\" data-element_type=\"widget\" data-widget_type=\"image.default\">\n\t\t\t\t<div class=\"elementor-widget-container\">\n\t\t\t\t\t\t\t\t\t\t\t\t\t\t\t<img loading=\"lazy\" decoding=\"async\" width=\"512\" height=\"512\" src=\"https:\/\/projedoktoru.com\/wp-content\/uploads\/2023\/11\/atilim.jpg\" class=\"attachment-large size-large wp-image-6806\" alt=\"\" srcset=\"https:\/\/projedoktoru.com\/wp-content\/uploads\/2023\/11\/atilim.jpg 512w, https:\/\/projedoktoru.com\/wp-content\/uploads\/2023\/11\/atilim-300x300.jpg 300w, https:\/\/projedoktoru.com\/wp-content\/uploads\/2023\/11\/atilim-150x150.jpg 150w\" sizes=\"100vw\" \/>\t\t\t\t\t\t\t\t\t\t\t\t\t\t\t<\/div>\n\t\t\t\t<\/div>\n\t\t\t\t<\/div>\n\t\t<div class=\"elementor-element elementor-element-09e27ab e-con-full e-flex e-con e-child\" data-id=\"09e27ab\" data-element_type=\"container\">\n\t\t\t\t<div class=\"elementor-element elementor-element-66521cb elementor-widget elementor-widget-image\" data-id=\"66521cb\" data-element_type=\"widget\" data-widget_type=\"image.default\">\n\t\t\t\t<div class=\"elementor-widget-container\">\n\t\t\t\t\t\t\t\t\t\t\t\t\t\t\t<img loading=\"lazy\" decoding=\"async\" width=\"512\" height=\"512\" src=\"https:\/\/projedoktoru.com\/wp-content\/uploads\/2023\/11\/ted.jpg\" class=\"attachment-large size-large wp-image-6809\" alt=\"\" srcset=\"https:\/\/projedoktoru.com\/wp-content\/uploads\/2023\/11\/ted.jpg 512w, https:\/\/projedoktoru.com\/wp-content\/uploads\/2023\/11\/ted-300x300.jpg 300w, https:\/\/projedoktoru.com\/wp-content\/uploads\/2023\/11\/ted-150x150.jpg 150w\" sizes=\"100vw\" \/>\t\t\t\t\t\t\t\t\t\t\t\t\t\t\t<\/div>\n\t\t\t\t<\/div>\n\t\t\t\t<\/div>\n\t\t\t\t\t<\/div>\n\t\t\t\t<\/div>\n\t\t\t\t<\/div>\n\t\t","protected":false},"excerpt":{"rendered":"<p>Dr. Mustafa Haf\u0131zo\u011flu \u2013 Managing Partner (Advisors Turkey), PYO Zirvesi Kurucusu, PMI T\u00fcrkiye 2017 Ba\u015fkan\u0131, \u00d6\u011fretim G\u00f6revlisi (ODT\u00dc, TED \u00dcniversitesi, At\u0131l\u0131m \u00dcniversitesi \u2013 Yar\u0131 Zamanl\u0131)Mustafa Hafizoglu, 2022 y\u0131l\u0131nda d\u00fcnyadaki en etkili proje y\u00f6netim liderlerlerinden birisi olarak g\u00f6sterllmi\u015ftir. Savunma Sanayinde Proje Y\u00f6netimi alan\u0131nda 25 y\u0131l\u0131 a\u015fk\u0131n tecr\u00fcbesinin yan\u0131nda halen ODT\u00dc, TED \u00dcniversitesi ve At\u0131l\u0131m \u00dcniversitesinde yar\u0131 &hellip; <\/p>\n<p class=\"link-more\"><a href=\"https:\/\/projedoktoru.com\/index.php\/hakkimizda\/\" class=\"more-link\"><span class=\"screen-reader-text\"> &#8220;HAKKIMIZDA&#8221;<\/span>devam\u0131n\u0131 oku<\/a><\/p>\n","protected":false},"author":1,"featured_media":7052,"parent":0,"menu_order":0,"comment_status":"closed","ping_status":"closed","template":"page-templates\/full-width-builder-bb.php","meta":{"footnotes":"","inspiro_hide_title":false},"featured_media_urls":{"thumbnail":["https:\/\/projedoktoru.com\/wp-content\/uploads\/2023\/11\/hakkimizda-1-150x150.jpg",150,150,true],"medium":["https:\/\/projedoktoru.com\/wp-content\/uploads\/2023\/11\/hakkimizda-1-300x169.jpg",300,169,true],"medium_large":["https:\/\/projedoktoru.com\/wp-content\/uploads\/2023\/11\/hakkimizda-1-768x432.jpg",768,432,true],"large":["https:\/\/projedoktoru.com\/wp-content\/uploads\/2023\/11\/hakkimizda-1-1024x576.jpg",950,534,true],"1536x1536":["https:\/\/projedoktoru.com\/wp-content\/uploads\/2023\/11\/hakkimizda-1-1536x864.jpg",1536,864,true],"2048x2048":["https:\/\/projedoktoru.com\/wp-content\/uploads\/2023\/11\/hakkimizda-1.jpg",1920,1080,false],"inspiro-featured-image":["https:\/\/projedoktoru.com\/wp-content\/uploads\/2023\/11\/hakkimizda-1.jpg",1920,1080,false],"inspiro-loop":["https:\/\/projedoktoru.com\/wp-content\/uploads\/2023\/11\/hakkimizda-1-950x320.jpg",950,320,true],"inspiro-loop@2x":["https:\/\/projedoktoru.com\/wp-content\/uploads\/2023\/11\/hakkimizda-1-1900x640.jpg",1900,640,true],"portfolio_item-thumbnail":["https:\/\/projedoktoru.com\/wp-content\/uploads\/2023\/11\/hakkimizda-1-600x400.jpg",600,400,true],"portfolio_item-thumbnail@2x":["https:\/\/projedoktoru.com\/wp-content\/uploads\/2023\/11\/hakkimizda-1-1200x800.jpg",1200,800,true],"portfolio_item-masonry":["https:\/\/projedoktoru.com\/wp-content\/uploads\/2023\/11\/hakkimizda-1-600x338.jpg",600,338,true],"portfolio_item-masonry@2x":["https:\/\/projedoktoru.com\/wp-content\/uploads\/2023\/11\/hakkimizda-1-1200x675.jpg",1200,675,true],"portfolio_item-thumbnail_cinema":["https:\/\/projedoktoru.com\/wp-content\/uploads\/2023\/11\/hakkimizda-1-800x335.jpg",800,335,true],"portfolio_item-thumbnail_portrait":["https:\/\/projedoktoru.com\/wp-content\/uploads\/2023\/11\/hakkimizda-1-600x900.jpg",600,900,true],"portfolio_item-thumbnail_portrait@2x":["https:\/\/projedoktoru.com\/wp-content\/uploads\/2023\/11\/hakkimizda-1-1200x1080.jpg",1200,1080,true],"portfolio_item-thumbnail_square":["https:\/\/projedoktoru.com\/wp-content\/uploads\/2023\/11\/hakkimizda-1-800x800.jpg",800,800,true]},"_links":{"self":[{"href":"https:\/\/projedoktoru.com\/index.php\/wp-json\/wp\/v2\/pages\/5592"}],"collection":[{"href":"https:\/\/projedoktoru.com\/index.php\/wp-json\/wp\/v2\/pages"}],"about":[{"href":"https:\/\/projedoktoru.com\/index.php\/wp-json\/wp\/v2\/types\/page"}],"author":[{"embeddable":true,"href":"https:\/\/projedoktoru.com\/index.php\/wp-json\/wp\/v2\/users\/1"}],"replies":[{"embeddable":true,"href":"https:\/\/projedoktoru.com\/index.php\/wp-json\/wp\/v2\/comments?post=5592"}],"version-history":[{"count":29,"href":"https:\/\/projedoktoru.com\/index.php\/wp-json\/wp\/v2\/pages\/5592\/revisions"}],"predecessor-version":[{"id":7408,"href":"https:\/\/projedoktoru.com\/index.php\/wp-json\/wp\/v2\/pages\/5592\/revisions\/7408"}],"wp:featuredmedia":[{"embeddable":true,"href":"https:\/\/projedoktoru.com\/index.php\/wp-json\/wp\/v2\/media\/7052"}],"wp:attachment":[{"href":"https:\/\/projedoktoru.com\/index.php\/wp-json\/wp\/v2\/media?parent=5592"}],"curies":[{"name":"wp","href":"https:\/\/api.w.org\/{rel}","templated":true}]}}