{"id":5206,"date":"2014-08-06T08:40:48","date_gmt":"2014-08-06T08:40:48","guid":{"rendered":"http:\/\/demo.wpzoom.com\/inspiro\/?page_id=5206"},"modified":"2023-11-27T07:14:06","modified_gmt":"2023-11-27T07:14:06","slug":"referanslar","status":"publish","type":"page","link":"https:\/\/projedoktoru.com\/index.php\/referanslar\/","title":{"rendered":"Referanslar"},"content":{"rendered":"\t\t<div data-elementor-type=\"wp-page\" data-elementor-id=\"5206\" class=\"elementor elementor-5206\">\n\t\t\t\t<div class=\"elementor-element elementor-element-29e7985 e-con-full e-flex e-con e-parent\" data-id=\"29e7985\" data-element_type=\"container\">\n\t\t\t\t<div class=\"elementor-element elementor-element-c01c32f elementor-widget elementor-widget-image\" data-id=\"c01c32f\" data-element_type=\"widget\" data-widget_type=\"image.default\">\n\t\t\t\t<div class=\"elementor-widget-container\">\n\t\t\t\t\t\t\t\t\t\t\t\t\t\t\t<img fetchpriority=\"high\" decoding=\"async\" width=\"1920\" height=\"512\" src=\"https:\/\/projedoktoru.com\/wp-content\/uploads\/2023\/11\/ref.jpg\" class=\"attachment-full size-full wp-image-7196\" alt=\"\" srcset=\"https:\/\/projedoktoru.com\/wp-content\/uploads\/2023\/11\/ref.jpg 1920w, https:\/\/projedoktoru.com\/wp-content\/uploads\/2023\/11\/ref-300x80.jpg 300w, https:\/\/projedoktoru.com\/wp-content\/uploads\/2023\/11\/ref-1024x273.jpg 1024w, https:\/\/projedoktoru.com\/wp-content\/uploads\/2023\/11\/ref-768x205.jpg 768w, https:\/\/projedoktoru.com\/wp-content\/uploads\/2023\/11\/ref-1536x410.jpg 1536w, https:\/\/projedoktoru.com\/wp-content\/uploads\/2023\/11\/ref-600x160.jpg 600w, https:\/\/projedoktoru.com\/wp-content\/uploads\/2023\/11\/ref-1200x320.jpg 1200w\" sizes=\"100vw\" \/>\t\t\t\t\t\t\t\t\t\t\t\t\t\t\t<\/div>\n\t\t\t\t<\/div>\n\t\t\t\t<\/div>\n\t\t<div class=\"elementor-element elementor-element-1c7c2cc e-con-full e-flex e-con e-parent\" data-id=\"1c7c2cc\" data-element_type=\"container\" data-settings=\"{&quot;background_background&quot;:&quot;classic&quot;}\">\n\t\t\t\t<div class=\"elementor-element elementor-element-139f805 elementor-widget elementor-widget-heading\" data-id=\"139f805\" data-element_type=\"widget\" data-widget_type=\"heading.default\">\n\t\t\t\t<div class=\"elementor-widget-container\">\n\t\t\t\t\t<h2 class=\"elementor-heading-title elementor-size-default\">E\u011fitim veya Dan\u0131\u015fmanl\u0131k Hizmeti Alan \/ Zirvelerimize Kat\u0131lan<\/h2>\t\t\t\t<\/div>\n\t\t\t\t<\/div>\n\t\t\t\t<\/div>\n\t\t<div class=\"elementor-element elementor-element-490ccd1 e-con-full e-flex e-con e-parent\" data-id=\"490ccd1\" data-element_type=\"container\" data-settings=\"{&quot;background_background&quot;:&quot;classic&quot;}\">\n\t\t<div class=\"elementor-element elementor-element-8b545f2 e-con-full e-flex e-con e-child\" data-id=\"8b545f2\" data-element_type=\"container\">\n\t\t\t\t<div class=\"elementor-element elementor-element-8bf2e69 elementor-widget elementor-widget-image\" data-id=\"8bf2e69\" data-element_type=\"widget\" data-settings=\"{&quot;_animation&quot;:&quot;none&quot;}\" data-widget_type=\"image.default\">\n\t\t\t\t<div class=\"elementor-widget-container\">\n\t\t\t\t\t\t\t\t\t\t\t\t\t\t\t<img decoding=\"async\" width=\"512\" height=\"256\" src=\"https:\/\/projedoktoru.com\/wp-content\/uploads\/2023\/11\/anadolu.jpg\" class=\"attachment-large size-large wp-image-7167\" alt=\"\" srcset=\"https:\/\/projedoktoru.com\/wp-content\/uploads\/2023\/11\/anadolu.jpg 512w, https:\/\/projedoktoru.com\/wp-content\/uploads\/2023\/11\/anadolu-300x150.jpg 300w\" sizes=\"100vw\" \/>\t\t\t\t\t\t\t\t\t\t\t\t\t\t\t<\/div>\n\t\t\t\t<\/div>\n\t\t\t\t<\/div>\n\t\t<div class=\"elementor-element elementor-element-c39d440 e-con-full e-flex e-con e-child\" data-id=\"c39d440\" data-element_type=\"container\">\n\t\t\t\t<div class=\"elementor-element elementor-element-69896a4 elementor-widget elementor-widget-image\" data-id=\"69896a4\" data-element_type=\"widget\" data-widget_type=\"image.default\">\n\t\t\t\t<div class=\"elementor-widget-container\">\n\t\t\t\t\t\t\t\t\t\t\t\t\t\t\t<img decoding=\"async\" width=\"512\" height=\"256\" src=\"https:\/\/projedoktoru.com\/wp-content\/uploads\/2023\/11\/arzumm.jpg\" class=\"attachment-large size-large wp-image-7205\" alt=\"\" srcset=\"https:\/\/projedoktoru.com\/wp-content\/uploads\/2023\/11\/arzumm.jpg 512w, https:\/\/projedoktoru.com\/wp-content\/uploads\/2023\/11\/arzumm-300x150.jpg 300w\" sizes=\"100vw\" \/>\t\t\t\t\t\t\t\t\t\t\t\t\t\t\t<\/div>\n\t\t\t\t<\/div>\n\t\t\t\t<\/div>\n\t\t<div class=\"elementor-element elementor-element-72ed507 e-con-full e-flex e-con e-child\" data-id=\"72ed507\" data-element_type=\"container\">\n\t\t\t\t<div class=\"elementor-element elementor-element-ef84e53 elementor-widget elementor-widget-image\" data-id=\"ef84e53\" data-element_type=\"widget\" data-widget_type=\"image.default\">\n\t\t\t\t<div class=\"elementor-widget-container\">\n\t\t\t\t\t\t\t\t\t\t\t\t\t\t\t<img loading=\"lazy\" decoding=\"async\" width=\"512\" height=\"256\" src=\"https:\/\/projedoktoru.com\/wp-content\/uploads\/2023\/11\/aselsan.jpg\" class=\"attachment-large size-large wp-image-7169\" alt=\"\" srcset=\"https:\/\/projedoktoru.com\/wp-content\/uploads\/2023\/11\/aselsan.jpg 512w, https:\/\/projedoktoru.com\/wp-content\/uploads\/2023\/11\/aselsan-300x150.jpg 300w\" sizes=\"100vw\" \/>\t\t\t\t\t\t\t\t\t\t\t\t\t\t\t<\/div>\n\t\t\t\t<\/div>\n\t\t\t\t<\/div>\n\t\t<div class=\"elementor-element elementor-element-ac570a3 e-con-full e-flex e-con e-child\" data-id=\"ac570a3\" data-element_type=\"container\">\n\t\t\t\t<div class=\"elementor-element elementor-element-f3c1276 elementor-widget elementor-widget-image\" data-id=\"f3c1276\" data-element_type=\"widget\" data-widget_type=\"image.default\">\n\t\t\t\t<div class=\"elementor-widget-container\">\n\t\t\t\t\t\t\t\t\t\t\t\t\t\t\t<img loading=\"lazy\" decoding=\"async\" width=\"512\" height=\"256\" src=\"https:\/\/projedoktoru.com\/wp-content\/uploads\/2023\/11\/borcelik.jpg\" class=\"attachment-large size-large wp-image-7170\" alt=\"\" srcset=\"https:\/\/projedoktoru.com\/wp-content\/uploads\/2023\/11\/borcelik.jpg 512w, https:\/\/projedoktoru.com\/wp-content\/uploads\/2023\/11\/borcelik-300x150.jpg 300w\" sizes=\"100vw\" \/>\t\t\t\t\t\t\t\t\t\t\t\t\t\t\t<\/div>\n\t\t\t\t<\/div>\n\t\t\t\t<\/div>\n\t\t<div class=\"elementor-element elementor-element-bff9b60 e-con-full e-flex e-con e-child\" data-id=\"bff9b60\" data-element_type=\"container\">\n\t\t\t\t<div class=\"elementor-element elementor-element-ccceb38 elementor-widget elementor-widget-image\" data-id=\"ccceb38\" data-element_type=\"widget\" data-widget_type=\"image.default\">\n\t\t\t\t<div class=\"elementor-widget-container\">\n\t\t\t\t\t\t\t\t\t\t\t\t\t\t\t<img loading=\"lazy\" decoding=\"async\" width=\"512\" height=\"256\" src=\"https:\/\/projedoktoru.com\/wp-content\/uploads\/2023\/11\/btakademi.jpg\" class=\"attachment-large size-large wp-image-7171\" alt=\"\" srcset=\"https:\/\/projedoktoru.com\/wp-content\/uploads\/2023\/11\/btakademi.jpg 512w, https:\/\/projedoktoru.com\/wp-content\/uploads\/2023\/11\/btakademi-300x150.jpg 300w\" sizes=\"100vw\" \/>\t\t\t\t\t\t\t\t\t\t\t\t\t\t\t<\/div>\n\t\t\t\t<\/div>\n\t\t\t\t<\/div>\n\t\t\t\t<\/div>\n\t\t<div class=\"elementor-element elementor-element-504da72 e-con-full e-flex e-con e-parent\" data-id=\"504da72\" data-element_type=\"container\" data-settings=\"{&quot;background_background&quot;:&quot;classic&quot;}\">\n\t\t<div class=\"elementor-element elementor-element-8bac930 e-con-full e-flex e-con e-child\" data-id=\"8bac930\" data-element_type=\"container\">\n\t\t\t\t<div class=\"elementor-element elementor-element-54dcd71 elementor-widget elementor-widget-image\" data-id=\"54dcd71\" data-element_type=\"widget\" data-settings=\"{&quot;_animation&quot;:&quot;none&quot;}\" data-widget_type=\"image.default\">\n\t\t\t\t<div class=\"elementor-widget-container\">\n\t\t\t\t\t\t\t\t\t\t\t\t\t\t\t<img loading=\"lazy\" decoding=\"async\" width=\"512\" height=\"256\" src=\"https:\/\/projedoktoru.com\/wp-content\/uploads\/2023\/11\/btk.jpg\" class=\"attachment-large size-large wp-image-7172\" alt=\"\" srcset=\"https:\/\/projedoktoru.com\/wp-content\/uploads\/2023\/11\/btk.jpg 512w, https:\/\/projedoktoru.com\/wp-content\/uploads\/2023\/11\/btk-300x150.jpg 300w\" sizes=\"100vw\" \/>\t\t\t\t\t\t\t\t\t\t\t\t\t\t\t<\/div>\n\t\t\t\t<\/div>\n\t\t\t\t<\/div>\n\t\t<div class=\"elementor-element elementor-element-bd21c6c e-con-full e-flex e-con e-child\" data-id=\"bd21c6c\" data-element_type=\"container\">\n\t\t\t\t<div class=\"elementor-element elementor-element-ac087c8 elementor-widget elementor-widget-image\" data-id=\"ac087c8\" data-element_type=\"widget\" data-widget_type=\"image.default\">\n\t\t\t\t<div class=\"elementor-widget-container\">\n\t\t\t\t\t\t\t\t\t\t\t\t\t\t\t<img loading=\"lazy\" decoding=\"async\" width=\"512\" height=\"256\" src=\"https:\/\/projedoktoru.com\/wp-content\/uploads\/2023\/11\/defacto.jpg\" class=\"attachment-large size-large wp-image-7173\" alt=\"\" srcset=\"https:\/\/projedoktoru.com\/wp-content\/uploads\/2023\/11\/defacto.jpg 512w, https:\/\/projedoktoru.com\/wp-content\/uploads\/2023\/11\/defacto-300x150.jpg 300w\" sizes=\"100vw\" \/>\t\t\t\t\t\t\t\t\t\t\t\t\t\t\t<\/div>\n\t\t\t\t<\/div>\n\t\t\t\t<\/div>\n\t\t<div class=\"elementor-element elementor-element-cbb135b e-con-full e-flex e-con e-child\" data-id=\"cbb135b\" data-element_type=\"container\">\n\t\t\t\t<div class=\"elementor-element elementor-element-2759b68 elementor-widget elementor-widget-image\" data-id=\"2759b68\" data-element_type=\"widget\" data-widget_type=\"image.default\">\n\t\t\t\t<div class=\"elementor-widget-container\">\n\t\t\t\t\t\t\t\t\t\t\t\t\t\t\t<img loading=\"lazy\" decoding=\"async\" width=\"512\" height=\"256\" src=\"https:\/\/projedoktoru.com\/wp-content\/uploads\/2023\/11\/eczacibasi.jpg\" class=\"attachment-large size-large wp-image-7174\" alt=\"\" srcset=\"https:\/\/projedoktoru.com\/wp-content\/uploads\/2023\/11\/eczacibasi.jpg 512w, https:\/\/projedoktoru.com\/wp-content\/uploads\/2023\/11\/eczacibasi-300x150.jpg 300w\" sizes=\"100vw\" \/>\t\t\t\t\t\t\t\t\t\t\t\t\t\t\t<\/div>\n\t\t\t\t<\/div>\n\t\t\t\t<\/div>\n\t\t<div class=\"elementor-element elementor-element-81a51ad e-con-full e-flex e-con e-child\" data-id=\"81a51ad\" data-element_type=\"container\">\n\t\t\t\t<div class=\"elementor-element elementor-element-c1257ec elementor-widget elementor-widget-image\" data-id=\"c1257ec\" data-element_type=\"widget\" data-widget_type=\"image.default\">\n\t\t\t\t<div class=\"elementor-widget-container\">\n\t\t\t\t\t\t\t\t\t\t\t\t\t\t\t<img loading=\"lazy\" decoding=\"async\" width=\"512\" height=\"256\" src=\"https:\/\/projedoktoru.com\/wp-content\/uploads\/2023\/11\/esan.jpg\" class=\"attachment-large size-large wp-image-7175\" alt=\"\" srcset=\"https:\/\/projedoktoru.com\/wp-content\/uploads\/2023\/11\/esan.jpg 512w, https:\/\/projedoktoru.com\/wp-content\/uploads\/2023\/11\/esan-300x150.jpg 300w\" sizes=\"100vw\" \/>\t\t\t\t\t\t\t\t\t\t\t\t\t\t\t<\/div>\n\t\t\t\t<\/div>\n\t\t\t\t<\/div>\n\t\t<div class=\"elementor-element elementor-element-1a309cb e-con-full e-flex e-con e-child\" data-id=\"1a309cb\" data-element_type=\"container\">\n\t\t\t\t<div class=\"elementor-element elementor-element-b54c38d elementor-widget elementor-widget-image\" data-id=\"b54c38d\" data-element_type=\"widget\" data-widget_type=\"image.default\">\n\t\t\t\t<div class=\"elementor-widget-container\">\n\t\t\t\t\t\t\t\t\t\t\t\t\t\t\t<img loading=\"lazy\" decoding=\"async\" width=\"512\" height=\"256\" src=\"https:\/\/projedoktoru.com\/wp-content\/uploads\/2023\/11\/fabay.jpg\" class=\"attachment-large size-large wp-image-7176\" alt=\"\" srcset=\"https:\/\/projedoktoru.com\/wp-content\/uploads\/2023\/11\/fabay.jpg 512w, https:\/\/projedoktoru.com\/wp-content\/uploads\/2023\/11\/fabay-300x150.jpg 300w\" sizes=\"100vw\" \/>\t\t\t\t\t\t\t\t\t\t\t\t\t\t\t<\/div>\n\t\t\t\t<\/div>\n\t\t\t\t<\/div>\n\t\t\t\t<\/div>\n\t\t<div class=\"elementor-element elementor-element-ba4c57a e-con-full e-flex e-con e-parent\" data-id=\"ba4c57a\" data-element_type=\"container\" data-settings=\"{&quot;background_background&quot;:&quot;classic&quot;}\">\n\t\t<div class=\"elementor-element elementor-element-3c6cad4 e-con-full e-flex e-con e-child\" data-id=\"3c6cad4\" data-element_type=\"container\">\n\t\t\t\t<div class=\"elementor-element elementor-element-8c3a081 elementor-widget elementor-widget-image\" data-id=\"8c3a081\" data-element_type=\"widget\" data-settings=\"{&quot;_animation&quot;:&quot;none&quot;}\" data-widget_type=\"image.default\">\n\t\t\t\t<div class=\"elementor-widget-container\">\n\t\t\t\t\t\t\t\t\t\t\t\t\t\t\t<img loading=\"lazy\" decoding=\"async\" width=\"512\" height=\"256\" src=\"https:\/\/projedoktoru.com\/wp-content\/uploads\/2023\/11\/gage.jpg\" class=\"attachment-large size-large wp-image-7177\" alt=\"\" srcset=\"https:\/\/projedoktoru.com\/wp-content\/uploads\/2023\/11\/gage.jpg 512w, https:\/\/projedoktoru.com\/wp-content\/uploads\/2023\/11\/gage-300x150.jpg 300w\" sizes=\"100vw\" \/>\t\t\t\t\t\t\t\t\t\t\t\t\t\t\t<\/div>\n\t\t\t\t<\/div>\n\t\t\t\t<\/div>\n\t\t<div class=\"elementor-element elementor-element-8ebbc67 e-con-full e-flex e-con e-child\" data-id=\"8ebbc67\" data-element_type=\"container\">\n\t\t\t\t<div class=\"elementor-element elementor-element-d6817fa elementor-widget elementor-widget-image\" data-id=\"d6817fa\" data-element_type=\"widget\" data-widget_type=\"image.default\">\n\t\t\t\t<div class=\"elementor-widget-container\">\n\t\t\t\t\t\t\t\t\t\t\t\t\t\t\t<img loading=\"lazy\" decoding=\"async\" width=\"512\" height=\"256\" src=\"https:\/\/projedoktoru.com\/wp-content\/uploads\/2023\/11\/kalyon.jpg\" class=\"attachment-large size-large wp-image-7178\" alt=\"\" srcset=\"https:\/\/projedoktoru.com\/wp-content\/uploads\/2023\/11\/kalyon.jpg 512w, https:\/\/projedoktoru.com\/wp-content\/uploads\/2023\/11\/kalyon-300x150.jpg 300w\" sizes=\"100vw\" \/>\t\t\t\t\t\t\t\t\t\t\t\t\t\t\t<\/div>\n\t\t\t\t<\/div>\n\t\t\t\t<\/div>\n\t\t<div class=\"elementor-element elementor-element-3b228ec e-con-full e-flex e-con e-child\" data-id=\"3b228ec\" data-element_type=\"container\">\n\t\t\t\t<div class=\"elementor-element elementor-element-32cb51b elementor-widget elementor-widget-image\" data-id=\"32cb51b\" data-element_type=\"widget\" data-widget_type=\"image.default\">\n\t\t\t\t<div class=\"elementor-widget-container\">\n\t\t\t\t\t\t\t\t\t\t\t\t\t\t\t<img loading=\"lazy\" decoding=\"async\" width=\"512\" height=\"256\" src=\"https:\/\/projedoktoru.com\/wp-content\/uploads\/2023\/11\/optiimmm.jpg\" class=\"attachment-large size-large wp-image-7204\" alt=\"\" srcset=\"https:\/\/projedoktoru.com\/wp-content\/uploads\/2023\/11\/optiimmm.jpg 512w, https:\/\/projedoktoru.com\/wp-content\/uploads\/2023\/11\/optiimmm-300x150.jpg 300w\" sizes=\"100vw\" \/>\t\t\t\t\t\t\t\t\t\t\t\t\t\t\t<\/div>\n\t\t\t\t<\/div>\n\t\t\t\t<\/div>\n\t\t<div class=\"elementor-element elementor-element-5fff5ca e-con-full e-flex e-con e-child\" data-id=\"5fff5ca\" data-element_type=\"container\">\n\t\t\t\t<div class=\"elementor-element elementor-element-1a12e6e elementor-widget elementor-widget-image\" data-id=\"1a12e6e\" data-element_type=\"widget\" data-widget_type=\"image.default\">\n\t\t\t\t<div class=\"elementor-widget-container\">\n\t\t\t\t\t\t\t\t\t\t\t\t\t\t\t<img loading=\"lazy\" decoding=\"async\" width=\"512\" height=\"256\" src=\"https:\/\/projedoktoru.com\/wp-content\/uploads\/2023\/11\/procenne.jpg\" class=\"attachment-large size-large wp-image-7180\" alt=\"\" srcset=\"https:\/\/projedoktoru.com\/wp-content\/uploads\/2023\/11\/procenne.jpg 512w, https:\/\/projedoktoru.com\/wp-content\/uploads\/2023\/11\/procenne-300x150.jpg 300w\" sizes=\"100vw\" \/>\t\t\t\t\t\t\t\t\t\t\t\t\t\t\t<\/div>\n\t\t\t\t<\/div>\n\t\t\t\t<\/div>\n\t\t<div class=\"elementor-element elementor-element-19f7b2b e-con-full e-flex e-con e-child\" data-id=\"19f7b2b\" data-element_type=\"container\">\n\t\t\t\t<div class=\"elementor-element elementor-element-114cbc2 elementor-widget elementor-widget-image\" data-id=\"114cbc2\" data-element_type=\"widget\" data-widget_type=\"image.default\">\n\t\t\t\t<div class=\"elementor-widget-container\">\n\t\t\t\t\t\t\t\t\t\t\t\t\t\t\t<img loading=\"lazy\" decoding=\"async\" width=\"512\" height=\"256\" src=\"https:\/\/projedoktoru.com\/wp-content\/uploads\/2023\/11\/roketsan.jpg\" class=\"attachment-large size-large wp-image-7181\" alt=\"\" srcset=\"https:\/\/projedoktoru.com\/wp-content\/uploads\/2023\/11\/roketsan.jpg 512w, https:\/\/projedoktoru.com\/wp-content\/uploads\/2023\/11\/roketsan-300x150.jpg 300w\" sizes=\"100vw\" \/>\t\t\t\t\t\t\t\t\t\t\t\t\t\t\t<\/div>\n\t\t\t\t<\/div>\n\t\t\t\t<\/div>\n\t\t\t\t<\/div>\n\t\t<div class=\"elementor-element elementor-element-6a808c5 e-con-full e-flex e-con e-parent\" data-id=\"6a808c5\" data-element_type=\"container\" data-settings=\"{&quot;background_background&quot;:&quot;classic&quot;}\">\n\t\t<div class=\"elementor-element elementor-element-6437bc1 e-con-full e-flex e-con e-child\" data-id=\"6437bc1\" data-element_type=\"container\">\n\t\t\t\t<div class=\"elementor-element elementor-element-c8c96ec elementor-widget elementor-widget-image\" data-id=\"c8c96ec\" data-element_type=\"widget\" data-settings=\"{&quot;_animation&quot;:&quot;none&quot;}\" data-widget_type=\"image.default\">\n\t\t\t\t<div class=\"elementor-widget-container\">\n\t\t\t\t\t\t\t\t\t\t\t\t\t\t\t<img loading=\"lazy\" decoding=\"async\" width=\"512\" height=\"256\" src=\"https:\/\/projedoktoru.com\/wp-content\/uploads\/2023\/11\/tumosan.jpg\" class=\"attachment-large size-large wp-image-7183\" alt=\"\" srcset=\"https:\/\/projedoktoru.com\/wp-content\/uploads\/2023\/11\/tumosan.jpg 512w, https:\/\/projedoktoru.com\/wp-content\/uploads\/2023\/11\/tumosan-300x150.jpg 300w\" sizes=\"100vw\" \/>\t\t\t\t\t\t\t\t\t\t\t\t\t\t\t<\/div>\n\t\t\t\t<\/div>\n\t\t\t\t<\/div>\n\t\t<div class=\"elementor-element elementor-element-b081b53 e-con-full e-flex e-con e-child\" data-id=\"b081b53\" data-element_type=\"container\">\n\t\t\t\t<div class=\"elementor-element elementor-element-15f58cd elementor-widget elementor-widget-image\" data-id=\"15f58cd\" data-element_type=\"widget\" data-widget_type=\"image.default\">\n\t\t\t\t<div class=\"elementor-widget-container\">\n\t\t\t\t\t\t\t\t\t\t\t\t\t\t\t<img loading=\"lazy\" decoding=\"async\" width=\"512\" height=\"256\" src=\"https:\/\/projedoktoru.com\/wp-content\/uploads\/2023\/11\/softtech.jpg\" class=\"attachment-large size-large wp-image-7182\" alt=\"\" srcset=\"https:\/\/projedoktoru.com\/wp-content\/uploads\/2023\/11\/softtech.jpg 512w, https:\/\/projedoktoru.com\/wp-content\/uploads\/2023\/11\/softtech-300x150.jpg 300w\" sizes=\"100vw\" \/>\t\t\t\t\t\t\t\t\t\t\t\t\t\t\t<\/div>\n\t\t\t\t<\/div>\n\t\t\t\t<\/div>\n\t\t<div class=\"elementor-element elementor-element-da4eb8f e-con-full e-flex e-con e-child\" data-id=\"da4eb8f\" data-element_type=\"container\">\n\t\t\t\t<div class=\"elementor-element elementor-element-21714fd elementor-widget elementor-widget-image\" data-id=\"21714fd\" data-element_type=\"widget\" data-widget_type=\"image.default\">\n\t\t\t\t<div class=\"elementor-widget-container\">\n\t\t\t\t\t\t\t\t\t\t\t\t\t\t\t<img loading=\"lazy\" decoding=\"async\" width=\"512\" height=\"256\" src=\"https:\/\/projedoktoru.com\/wp-content\/uploads\/2023\/11\/tusas.jpg\" class=\"attachment-large size-large wp-image-7184\" alt=\"\" srcset=\"https:\/\/projedoktoru.com\/wp-content\/uploads\/2023\/11\/tusas.jpg 512w, https:\/\/projedoktoru.com\/wp-content\/uploads\/2023\/11\/tusas-300x150.jpg 300w\" sizes=\"100vw\" \/>\t\t\t\t\t\t\t\t\t\t\t\t\t\t\t<\/div>\n\t\t\t\t<\/div>\n\t\t\t\t<\/div>\n\t\t<div class=\"elementor-element elementor-element-0f61c1e e-con-full e-flex e-con e-child\" data-id=\"0f61c1e\" data-element_type=\"container\">\n\t\t\t\t<\/div>\n\t\t<div class=\"elementor-element elementor-element-c118182 e-con-full e-flex e-con e-child\" data-id=\"c118182\" data-element_type=\"container\">\n\t\t\t\t<\/div>\n\t\t\t\t<\/div>\n\t\t\t\t<\/div>\n\t\t","protected":false},"excerpt":{"rendered":"<p>E\u011fitim veya Dan\u0131\u015fmanl\u0131k Hizmeti Alan \/ Zirvelerimize Kat\u0131lan<\/p>\n","protected":false},"author":1,"featured_media":0,"parent":0,"menu_order":0,"comment_status":"closed","ping_status":"open","template":"elementor_header_footer","meta":{"footnotes":"","inspiro_hide_title":false},"featured_media_urls":[],"_links":{"self":[{"href":"https:\/\/projedoktoru.com\/index.php\/wp-json\/wp\/v2\/pages\/5206"}],"collection":[{"href":"https:\/\/projedoktoru.com\/index.php\/wp-json\/wp\/v2\/pages"}],"about":[{"href":"https:\/\/projedoktoru.com\/index.php\/wp-json\/wp\/v2\/types\/page"}],"author":[{"embeddable":true,"href":"https:\/\/projedoktoru.com\/index.php\/wp-json\/wp\/v2\/users\/1"}],"replies":[{"embeddable":true,"href":"https:\/\/projedoktoru.com\/index.php\/wp-json\/wp\/v2\/comments?post=5206"}],"version-history":[{"count":71,"href":"https:\/\/projedoktoru.com\/index.php\/wp-json\/wp\/v2\/pages\/5206\/revisions"}],"predecessor-version":[{"id":7362,"href":"https:\/\/projedoktoru.com\/index.php\/wp-json\/wp\/v2\/pages\/5206\/revisions\/7362"}],"wp:attachment":[{"href":"https:\/\/projedoktoru.com\/index.php\/wp-json\/wp\/v2\/media?parent=5206"}],"curies":[{"name":"wp","href":"https:\/\/api.w.org\/{rel}","templated":true}]}}